{"id":40078,"date":"2024-09-01T07:00:33","date_gmt":"2024-09-01T05:00:33","guid":{"rendered":"https:\/\/sundar.be\/product\/podilon\/"},"modified":"2025-12-16T12:19:58","modified_gmt":"2025-12-16T11:19:58","slug":"podilon","status":"publish","type":"product","link":"https:\/\/sundar.be\/fr\/produit\/podilon\/","title":{"rendered":"Podilon"},"content":{"rendered":"<div class=\"single-product-overview-details__product-tab-text single-product-overview-details__product-tab-text--is-active\" data-tab=\"description\">\n<div class=\"single-product-overview-details__product-tab-text-description\">\n<p data-start=\"46\" data-end=\"370\"><span style=\"color: #557e96;\"><strong>Podilon <\/strong><\/span>est un gel hydroalcoolique d\u00e9sinfectant pr\u00eat \u00e0 l\u2019emploi, sp\u00e9cialement d\u00e9velopp\u00e9 pour un usage professionnel dans les cabinets de p\u00e9dicurie, d\u2019esth\u00e9tique et les pratiques m\u00e9dicales. Sa formule \u00e0 base de 80 % d\u2019\u00e9thanol (v\/v) assure une d\u00e9sinfection rapide et efficace des mains et aide \u00e0 r\u00e9duire le risque de contamination. <\/p>\n<p data-start=\"372\" data-end=\"576\">Podilon est efficace contre les bact\u00e9ries, les levures et les champignons et peut \u00eatre utilis\u00e9 sans eau. Id\u00e9al pour un travail hygi\u00e9nique entre les traitements ou lorsque le lavage des mains n\u2019est pas imm\u00e9diatement possible. <\/p>\n<\/div>\n<\/div>\n","protected":false},"excerpt":{"rendered":"<p data-start=\"611\" data-end=\"779\">Un gel hydroalcoolique d\u00e9sinfectant puissant \u00e0 80 % d\u2019\u00e9thanol qui combat efficacement les bact\u00e9ries, les levures et les champignons sur la peau. Id\u00e9al pour un usage professionnel et hygi\u00e9nique. <\/p>\n","protected":false},"featured_media":40511,"comment_status":"open","ping_status":"closed","template":"","meta":{"_acf_changed":false},"product_brand":[],"product_cat":[4141,1446,4765,4972,5073],"product_tag":[4167],"class_list":{"0":"post-40078","1":"product","2":"type-product","3":"status-publish","4":"has-post-thumbnail","6":"product_cat-nettoyage-desinfection-desinfection","7":"product_cat-hygiene-desinfection-fr","8":"product_cat-matriel-de-pratique","9":"product_cat-nos-marques","10":"product_cat-reymerink-fr","11":"product_tag-desinfection","12":"pa_inhoud-10-ml-fr","13":"pa_inhoud-1000-ml-fr","14":"pa_inhoud-250-ml-fr","15":"pa_inhoud-30-ml-fr","17":"first","18":"instock","19":"taxable","20":"shipping-taxable","21":"product-type-variable"},"acf":[],"_links":{"self":[{"href":"https:\/\/sundar.be\/fr\/wp-json\/wp\/v2\/product\/40078","targetHints":{"allow":["GET"]}}],"collection":[{"href":"https:\/\/sundar.be\/fr\/wp-json\/wp\/v2\/product"}],"about":[{"href":"https:\/\/sundar.be\/fr\/wp-json\/wp\/v2\/types\/product"}],"replies":[{"embeddable":true,"href":"https:\/\/sundar.be\/fr\/wp-json\/wp\/v2\/comments?post=40078"}],"wp:featuredmedia":[{"embeddable":true,"href":"https:\/\/sundar.be\/fr\/wp-json\/wp\/v2\/media\/40511"}],"wp:attachment":[{"href":"https:\/\/sundar.be\/fr\/wp-json\/wp\/v2\/media?parent=40078"}],"wp:term":[{"taxonomy":"product_brand","embeddable":true,"href":"https:\/\/sundar.be\/fr\/wp-json\/wp\/v2\/product_brand?post=40078"},{"taxonomy":"product_cat","embeddable":true,"href":"https:\/\/sundar.be\/fr\/wp-json\/wp\/v2\/product_cat?post=40078"},{"taxonomy":"product_tag","embeddable":true,"href":"https:\/\/sundar.be\/fr\/wp-json\/wp\/v2\/product_tag?post=40078"}],"curies":[{"name":"wp","href":"https:\/\/api.w.org\/{rel}","templated":true}]}}