{"id":40053,"date":"2024-09-01T07:00:49","date_gmt":"2024-09-01T05:00:49","guid":{"rendered":"https:\/\/sundar.be\/product\/podiclean\/"},"modified":"2025-12-16T12:15:46","modified_gmt":"2025-12-16T11:15:46","slug":"podiclean","status":"publish","type":"product","link":"https:\/\/sundar.be\/fr\/produit\/podiclean\/","title":{"rendered":"Podiclean"},"content":{"rendered":"<p data-start=\"36\" data-end=\"382\"><span style=\"color: #557e96;\"><strong>Podiclean<\/strong> <\/span>est un d\u00e9sinfectant professionnel \u00e0 action rapide, efficace contre les bact\u00e9ries, les levures et les champignons sur les surfaces et les mat\u00e9riaux. Le produit a \u00e9t\u00e9 sp\u00e9cialement d\u00e9velopp\u00e9 pour une utilisation dans les cabinets de p\u00e9dicurie, les instituts de beaut\u00e9 et les environnements m\u00e9dicaux o\u00f9 un niveau d\u2019hygi\u00e8ne \u00e9lev\u00e9 est requis.<\/p>\n<p data-start=\"384\" data-end=\"607\">Podiclean est utilis\u00e9 comme \u00e9tape de d\u00e9sinfection apr\u00e8s un nettoyage approfondi et garantit une d\u00e9sinfection fiable et efficace. Les instruments sont \u00e0 la fois nettoy\u00e9s et d\u00e9sinfect\u00e9s par immersion dans Podiclean non dilu\u00e9.<\/p>\n","protected":false},"excerpt":{"rendered":"<p data-start=\"623\" data-end=\"789\">Un d\u00e9sinfectant professionnel \u00e0 action rapide pour surfaces et mat\u00e9riaux. Efficace contre les bact\u00e9ries, levures et champignons, id\u00e9al pour les cabinets de p\u00e9dicurie.<\/p>\n<p data-start=\"791\" data-end=\"800\">\n","protected":false},"featured_media":40043,"comment_status":"open","ping_status":"closed","template":"","meta":{"_acf_changed":false},"product_brand":[],"product_cat":[4141,1446,4765,4972,5073],"product_tag":[4167],"class_list":{"0":"post-40053","1":"product","2":"type-product","3":"status-publish","4":"has-post-thumbnail","6":"product_cat-nettoyage-desinfection-desinfection","7":"product_cat-hygiene-desinfection-fr","8":"product_cat-matriel-de-pratique","9":"product_cat-nos-marques","10":"product_cat-reymerink-fr","11":"product_tag-desinfection","12":"pa_inhoud-1000-ml-fr","13":"pa_inhoud-5000-ml-fr","15":"first","16":"instock","17":"taxable","18":"shipping-taxable","19":"product-type-variable"},"acf":[],"_links":{"self":[{"href":"https:\/\/sundar.be\/fr\/wp-json\/wp\/v2\/product\/40053","targetHints":{"allow":["GET"]}}],"collection":[{"href":"https:\/\/sundar.be\/fr\/wp-json\/wp\/v2\/product"}],"about":[{"href":"https:\/\/sundar.be\/fr\/wp-json\/wp\/v2\/types\/product"}],"replies":[{"embeddable":true,"href":"https:\/\/sundar.be\/fr\/wp-json\/wp\/v2\/comments?post=40053"}],"wp:featuredmedia":[{"embeddable":true,"href":"https:\/\/sundar.be\/fr\/wp-json\/wp\/v2\/media\/40043"}],"wp:attachment":[{"href":"https:\/\/sundar.be\/fr\/wp-json\/wp\/v2\/media?parent=40053"}],"wp:term":[{"taxonomy":"product_brand","embeddable":true,"href":"https:\/\/sundar.be\/fr\/wp-json\/wp\/v2\/product_brand?post=40053"},{"taxonomy":"product_cat","embeddable":true,"href":"https:\/\/sundar.be\/fr\/wp-json\/wp\/v2\/product_cat?post=40053"},{"taxonomy":"product_tag","embeddable":true,"href":"https:\/\/sundar.be\/fr\/wp-json\/wp\/v2\/product_tag?post=40053"}],"curies":[{"name":"wp","href":"https:\/\/api.w.org\/{rel}","templated":true}]}}