{"id":40050,"date":"2024-09-01T07:00:28","date_gmt":"2024-09-23T07:25:17","guid":{"rendered":"https:\/\/sundar.be\/product\/msk-gel-nettoyant-pour-les-mains-a-lalcool-et-a-laloe-vera-500-ml\/"},"modified":"2025-03-13T13:40:16","modified_gmt":"2025-03-13T12:40:16","slug":"msk-gel-nettoyant-pour-les-mains-a-lalcool-et-a-laloe-vera-500-ml","status":"publish","type":"product","link":"https:\/\/sundar.be\/fr\/produit\/msk-gel-nettoyant-pour-les-mains-a-lalcool-et-a-laloe-vera-500-ml\/","title":{"rendered":"MSK Gel nettoyant pour les mains \u00e0 l&rsquo;alcool et \u00e0 l&rsquo;aloe vera, 500 ml"},"content":{"rendered":"<p>Gel nettoyant pour les mains Alcool avec Aloe Vera 500 ml Frotter une petite quantit\u00e9 sur les mains jusqu&rsquo;\u00e0 ce que l&rsquo;alcool se soit \u00e9vapor\u00e9.<\/p>\n","protected":false},"excerpt":{"rendered":"<p>Gel nettoyant pour les mains Alcool avec Aloe Vera 500 ml Frotter une petite quantit\u00e9 sur les mains jusqu&rsquo;\u00e0 ce que l&rsquo;alcool se soit \u00e9vapor\u00e9.<\/p>\n","protected":false},"featured_media":40557,"comment_status":"open","ping_status":"closed","template":"","meta":{"_acf_changed":false},"product_brand":[],"product_cat":[4141,1446,4765],"product_tag":[4167],"class_list":{"0":"post-40050","1":"product","2":"type-product","3":"status-publish","4":"has-post-thumbnail","6":"product_cat-nettoyage-desinfection-desinfection","7":"product_cat-hygiene-desinfection-fr","8":"product_cat-matriel-de-pratique","9":"product_tag-desinfection","11":"first","12":"instock","13":"taxable","14":"shipping-taxable","15":"product-type-simple"},"acf":[],"_links":{"self":[{"href":"https:\/\/sundar.be\/fr\/wp-json\/wp\/v2\/product\/40050","targetHints":{"allow":["GET"]}}],"collection":[{"href":"https:\/\/sundar.be\/fr\/wp-json\/wp\/v2\/product"}],"about":[{"href":"https:\/\/sundar.be\/fr\/wp-json\/wp\/v2\/types\/product"}],"replies":[{"embeddable":true,"href":"https:\/\/sundar.be\/fr\/wp-json\/wp\/v2\/comments?post=40050"}],"wp:featuredmedia":[{"embeddable":true,"href":"https:\/\/sundar.be\/fr\/wp-json\/wp\/v2\/media\/40557"}],"wp:attachment":[{"href":"https:\/\/sundar.be\/fr\/wp-json\/wp\/v2\/media?parent=40050"}],"wp:term":[{"taxonomy":"product_brand","embeddable":true,"href":"https:\/\/sundar.be\/fr\/wp-json\/wp\/v2\/product_brand?post=40050"},{"taxonomy":"product_cat","embeddable":true,"href":"https:\/\/sundar.be\/fr\/wp-json\/wp\/v2\/product_cat?post=40050"},{"taxonomy":"product_tag","embeddable":true,"href":"https:\/\/sundar.be\/fr\/wp-json\/wp\/v2\/product_tag?post=40050"}],"curies":[{"name":"wp","href":"https:\/\/api.w.org\/{rel}","templated":true}]}}