{"id":40036,"date":"2024-09-01T07:00:24","date_gmt":"2024-09-01T05:00:24","guid":{"rendered":"https:\/\/sundar.be\/product\/medicanol\/"},"modified":"2025-03-13T13:45:35","modified_gmt":"2025-03-13T12:45:35","slug":"medicanol","status":"publish","type":"product","link":"https:\/\/sundar.be\/fr\/produit\/medicanol\/","title":{"rendered":"Medicanol"},"content":{"rendered":"<div class=\"single-product-overview-details__product-tab-text single-product-overview-details__product-tab-text--is-active\" data-tab=\"description\">\n<div class=\"single-product-overview-details__product-tab-text-description\">D\u00e9sinfectant \u00e0 base de 7% d&rsquo;isopropanol et de 0,5% de chlorhexidine. Contient des agents de graissage et de conditionnement de la peau. Tr\u00e8s large spectre d&rsquo;action (bact\u00e9ries, champignons et virus). Action rapide et durable. Assure une d\u00e9sinfection rapide tout en \u00e9tant doux pour la peau.    <\/div>\n<\/div>\n","protected":false},"excerpt":{"rendered":"<p>Medicanol est un d\u00e9sinfectant pour les mains \u00e0 base d&rsquo;\u00e9thanol pur.<\/p>\n","protected":false},"featured_media":40562,"comment_status":"open","ping_status":"closed","template":"","meta":{"_acf_changed":false},"product_brand":[],"product_cat":[4141,1446,4765],"product_tag":[4167],"class_list":{"0":"post-40036","1":"product","2":"type-product","3":"status-publish","4":"has-post-thumbnail","6":"product_cat-nettoyage-desinfection-desinfection","7":"product_cat-hygiene-desinfection-fr","8":"product_cat-matriel-de-pratique","9":"product_tag-desinfection","10":"pa_inhoud-1000-ml-fr","11":"pa_inhoud-500-ml-fr","13":"first","14":"instock","15":"taxable","16":"shipping-taxable","17":"product-type-variable"},"acf":[],"_links":{"self":[{"href":"https:\/\/sundar.be\/fr\/wp-json\/wp\/v2\/product\/40036","targetHints":{"allow":["GET"]}}],"collection":[{"href":"https:\/\/sundar.be\/fr\/wp-json\/wp\/v2\/product"}],"about":[{"href":"https:\/\/sundar.be\/fr\/wp-json\/wp\/v2\/types\/product"}],"replies":[{"embeddable":true,"href":"https:\/\/sundar.be\/fr\/wp-json\/wp\/v2\/comments?post=40036"}],"wp:featuredmedia":[{"embeddable":true,"href":"https:\/\/sundar.be\/fr\/wp-json\/wp\/v2\/media\/40562"}],"wp:attachment":[{"href":"https:\/\/sundar.be\/fr\/wp-json\/wp\/v2\/media?parent=40036"}],"wp:term":[{"taxonomy":"product_brand","embeddable":true,"href":"https:\/\/sundar.be\/fr\/wp-json\/wp\/v2\/product_brand?post=40036"},{"taxonomy":"product_cat","embeddable":true,"href":"https:\/\/sundar.be\/fr\/wp-json\/wp\/v2\/product_cat?post=40036"},{"taxonomy":"product_tag","embeddable":true,"href":"https:\/\/sundar.be\/fr\/wp-json\/wp\/v2\/product_tag?post=40036"}],"curies":[{"name":"wp","href":"https:\/\/api.w.org\/{rel}","templated":true}]}}