{"id":40014,"date":"2024-09-01T07:00:14","date_gmt":"2024-09-23T07:13:40","guid":{"rendered":"https:\/\/sundar.be\/product\/sacs-lamines-89-x-229-mm-200-pieces\/"},"modified":"2025-03-13T13:51:49","modified_gmt":"2025-03-13T12:51:49","slug":"sacs-lamines-89-x-229-mm-200-pieces","status":"publish","type":"product","link":"https:\/\/sundar.be\/fr\/produit\/sacs-lamines-89-x-229-mm-200-pieces\/","title":{"rendered":"Sacs Lamin\u00e9s 89 x 229 mm, 200 pi\u00e8ces"},"content":{"rendered":"<p>Les sachets de st\u00e9rilisation SafeSeal\u00ae Quattro sont fabriqu\u00e9s en papier m\u00e9dical poreux de haute qualit\u00e9 et scell\u00e9s m\u00e9caniquement avec la technologie TruePress\u2122. Le pli perfor\u00e9 facilite le pliage pr\u00e9cis d&rsquo;une large bande autocollante pour former un joint \u00e9tanche. Les indicateurs de processus multiparam\u00e9triques internes et externes pour la st\u00e9rilisation \u00e0 la vapeur r\u00e9pondent \u00e0 trois variables : le temps, la temp\u00e9rature et la vapeur satur\u00e9e. Des indicateurs de processus multiparam\u00e9triques imprim\u00e9s directement sur le sachet confirment les param\u00e8tres de st\u00e9rilisation. Le film teint\u00e9 bleu facilite la visualisation des instruments et la d\u00e9tection des trous ou des fissures. Une encoche pratique permet d&rsquo;ouvrir facilement le sachet sans contaminer le contenu.     <\/p>\n","protected":false},"excerpt":{"rendered":"<p>Les sachets de st\u00e9rilisation SafeSeal\u00ae Quattro sont fabriqu\u00e9s en papier m\u00e9dical poreux de haute qualit\u00e9 et scell\u00e9s m\u00e9caniquement avec la technologie TruePress\u2122. Le pli perfor\u00e9 facilite le pliage pr\u00e9cis d&rsquo;une large bande autocollante pour former un joint \u00e9tanche. Les indicateurs de processus multiparam\u00e9triques internes et externes pour la st\u00e9rilisation \u00e0 la vapeur r\u00e9pondent \u00e0 trois [&hellip;]<\/p>\n","protected":false},"featured_media":40008,"comment_status":"open","ping_status":"closed","template":"","meta":{"_acf_changed":false},"product_brand":[],"product_cat":[4141,1446,4765],"product_tag":[4167],"class_list":{"0":"post-40014","1":"product","2":"type-product","3":"status-publish","4":"has-post-thumbnail","6":"product_cat-nettoyage-desinfection-desinfection","7":"product_cat-hygiene-desinfection-fr","8":"product_cat-matriel-de-pratique","9":"product_tag-desinfection","11":"first","12":"instock","13":"taxable","14":"shipping-taxable","15":"product-type-simple"},"acf":[],"_links":{"self":[{"href":"https:\/\/sundar.be\/fr\/wp-json\/wp\/v2\/product\/40014","targetHints":{"allow":["GET"]}}],"collection":[{"href":"https:\/\/sundar.be\/fr\/wp-json\/wp\/v2\/product"}],"about":[{"href":"https:\/\/sundar.be\/fr\/wp-json\/wp\/v2\/types\/product"}],"replies":[{"embeddable":true,"href":"https:\/\/sundar.be\/fr\/wp-json\/wp\/v2\/comments?post=40014"}],"wp:featuredmedia":[{"embeddable":true,"href":"https:\/\/sundar.be\/fr\/wp-json\/wp\/v2\/media\/40008"}],"wp:attachment":[{"href":"https:\/\/sundar.be\/fr\/wp-json\/wp\/v2\/media?parent=40014"}],"wp:term":[{"taxonomy":"product_brand","embeddable":true,"href":"https:\/\/sundar.be\/fr\/wp-json\/wp\/v2\/product_brand?post=40014"},{"taxonomy":"product_cat","embeddable":true,"href":"https:\/\/sundar.be\/fr\/wp-json\/wp\/v2\/product_cat?post=40014"},{"taxonomy":"product_tag","embeddable":true,"href":"https:\/\/sundar.be\/fr\/wp-json\/wp\/v2\/product_tag?post=40014"}],"curies":[{"name":"wp","href":"https:\/\/api.w.org\/{rel}","templated":true}]}}