{"id":40012,"date":"2024-09-01T07:00:23","date_gmt":"2024-09-23T07:13:02","guid":{"rendered":"https:\/\/sundar.be\/product\/sacs-lamines-60-x-100-mm-200-pieces\/"},"modified":"2025-03-13T13:42:26","modified_gmt":"2025-03-13T12:42:26","slug":"sacs-lamines-60-x-100-mm-200-pieces","status":"publish","type":"product","link":"https:\/\/sundar.be\/fr\/produit\/sacs-lamines-60-x-100-mm-200-pieces\/","title":{"rendered":"Sacs Lamin\u00e9s 60 x 100 mm, 200 pi\u00e8ces"},"content":{"rendered":"<ul>\n<li>Indicateurs de processus internes\/externes int\u00e9gr\u00e9s qui changent de couleur lorsqu&rsquo;ils sont expos\u00e9s \u00e0 une temp\u00e9rature sp\u00e9cifique<\/li>\n<li>Fabriqu\u00e9 en papier de qualit\u00e9 m\u00e9dicale avec un chevron extra-large pour prot\u00e9ger contre la casse des instruments, une encoche pour faciliter l&rsquo;ouverture, des scell\u00e9s \u00e0 6 coins pour emp\u00eacher les copeaux et autres contaminants potentiels de p\u00e9n\u00e9trer dans le sac lorsqu&rsquo;il est ouvert et un pli perfor\u00e9 pour garantir que la bande adh\u00e9sive forme un joint herm\u00e9tique.<\/li>\n<li>Apr\u00e8s st\u00e9rilisation, le contenu reste st\u00e9rile jusqu&rsquo;\u00e0 3 ans, \u00e0 condition que l&rsquo;int\u00e9grit\u00e9 de la poche n&rsquo;ait pas \u00e9t\u00e9 compromise.<\/li>\n<li>A utiliser uniquement avec les proc\u00e9d\u00e9s de st\u00e9rilisation \u00e0 la vapeur et \u00e0 l&rsquo;oxyde d&rsquo;\u00e9thyl\u00e8ne (EtO)<\/li>\n<\/ul>\n","protected":false},"excerpt":{"rendered":"<p>Indicateurs de processus internes\/externes int\u00e9gr\u00e9s qui changent de couleur lorsqu&rsquo;ils sont expos\u00e9s \u00e0 une temp\u00e9rature sp\u00e9cifique Fabriqu\u00e9 en papier de qualit\u00e9 m\u00e9dicale avec un chevron extra-large pour prot\u00e9ger contre la casse des instruments, une encoche pour faciliter l&rsquo;ouverture, des scell\u00e9s \u00e0 6 coins pour emp\u00eacher les copeaux et autres contaminants potentiels de p\u00e9n\u00e9trer dans le [&hellip;]<\/p>\n","protected":false},"featured_media":40004,"comment_status":"open","ping_status":"closed","template":"","meta":{"_acf_changed":false},"product_brand":[],"product_cat":[4141,1446,4765],"product_tag":[4167],"class_list":{"0":"post-40012","1":"product","2":"type-product","3":"status-publish","4":"has-post-thumbnail","6":"product_cat-nettoyage-desinfection-desinfection","7":"product_cat-hygiene-desinfection-fr","8":"product_cat-matriel-de-pratique","9":"product_tag-desinfection","11":"first","12":"instock","13":"taxable","14":"shipping-taxable","15":"product-type-simple"},"acf":[],"_links":{"self":[{"href":"https:\/\/sundar.be\/fr\/wp-json\/wp\/v2\/product\/40012","targetHints":{"allow":["GET"]}}],"collection":[{"href":"https:\/\/sundar.be\/fr\/wp-json\/wp\/v2\/product"}],"about":[{"href":"https:\/\/sundar.be\/fr\/wp-json\/wp\/v2\/types\/product"}],"replies":[{"embeddable":true,"href":"https:\/\/sundar.be\/fr\/wp-json\/wp\/v2\/comments?post=40012"}],"wp:featuredmedia":[{"embeddable":true,"href":"https:\/\/sundar.be\/fr\/wp-json\/wp\/v2\/media\/40004"}],"wp:attachment":[{"href":"https:\/\/sundar.be\/fr\/wp-json\/wp\/v2\/media?parent=40012"}],"wp:term":[{"taxonomy":"product_brand","embeddable":true,"href":"https:\/\/sundar.be\/fr\/wp-json\/wp\/v2\/product_brand?post=40012"},{"taxonomy":"product_cat","embeddable":true,"href":"https:\/\/sundar.be\/fr\/wp-json\/wp\/v2\/product_cat?post=40012"},{"taxonomy":"product_tag","embeddable":true,"href":"https:\/\/sundar.be\/fr\/wp-json\/wp\/v2\/product_tag?post=40012"}],"curies":[{"name":"wp","href":"https:\/\/api.w.org\/{rel}","templated":true}]}}