{"id":40009,"date":"2024-09-01T07:00:01","date_gmt":"2024-09-23T07:12:24","guid":{"rendered":"https:\/\/sundar.be\/product\/sacs-lamines-premium-plus\/"},"modified":"2025-03-13T17:24:00","modified_gmt":"2025-03-13T16:24:00","slug":"sacs-lamines-premium-plus","status":"publish","type":"product","link":"https:\/\/sundar.be\/fr\/produit\/sacs-lamines-premium-plus\/","title":{"rendered":"Premium Plus Laminaat Zakken"},"content":{"rendered":"<p>Sacs lamin\u00e9s pour autoclave.<\/p>\n<ul>\n<li>Sachets jetables de st\u00e9rilisation en autoclave \u00e0 fermeture automatique<\/li>\n<li>Avec des indicateurs externes et internes<\/li>\n<li>Triple fermeture auto-adh\u00e9sive pour prot\u00e9ger le contenu<\/li>\n<li>La fen\u00eatre en plastique teint\u00e9 bleu aide \u00e0 d\u00e9tecter les trous qui peuvent \u00eatre caus\u00e9s par des instruments dentel\u00e9s.<\/li>\n<li>Des indicateurs de couleur faciles \u00e0 lire pour la vapeur, la vapeur d&rsquo;eau ou le gaz garantissent que les conditions st\u00e9riles sont respect\u00e9es.<\/li>\n<\/ul>\n","protected":false},"excerpt":{"rendered":"<p>Sacs lamin\u00e9s pour autoclave. Sachets jetables de st\u00e9rilisation en autoclave \u00e0 fermeture automatique Avec des indicateurs externes et internes Triple fermeture auto-adh\u00e9sive pour prot\u00e9ger le contenu La fen\u00eatre en plastique teint\u00e9 bleu aide \u00e0 d\u00e9tecter les trous qui peuvent \u00eatre caus\u00e9s par des instruments dentel\u00e9s. Des indicateurs de couleur faciles \u00e0 lire pour la vapeur, [&hellip;]<\/p>\n","protected":false},"featured_media":39994,"comment_status":"open","ping_status":"closed","template":"","meta":{"_acf_changed":false},"product_brand":[],"product_cat":[4141,1446,4765],"product_tag":[4167],"class_list":{"0":"post-40009","1":"product","2":"type-product","3":"status-publish","4":"has-post-thumbnail","6":"product_cat-nettoyage-desinfection-desinfection","7":"product_cat-hygiene-desinfection-fr","8":"product_cat-matriel-de-pratique","9":"product_tag-desinfection","10":"pa_vorm-57-x-130-mm-200-pieces","11":"pa_vorm-70-x-230-mm-200-pieces","13":"first","14":"instock","15":"taxable","16":"shipping-taxable","17":"product-type-variable"},"acf":[],"_links":{"self":[{"href":"https:\/\/sundar.be\/fr\/wp-json\/wp\/v2\/product\/40009","targetHints":{"allow":["GET"]}}],"collection":[{"href":"https:\/\/sundar.be\/fr\/wp-json\/wp\/v2\/product"}],"about":[{"href":"https:\/\/sundar.be\/fr\/wp-json\/wp\/v2\/types\/product"}],"replies":[{"embeddable":true,"href":"https:\/\/sundar.be\/fr\/wp-json\/wp\/v2\/comments?post=40009"}],"wp:featuredmedia":[{"embeddable":true,"href":"https:\/\/sundar.be\/fr\/wp-json\/wp\/v2\/media\/39994"}],"wp:attachment":[{"href":"https:\/\/sundar.be\/fr\/wp-json\/wp\/v2\/media?parent=40009"}],"wp:term":[{"taxonomy":"product_brand","embeddable":true,"href":"https:\/\/sundar.be\/fr\/wp-json\/wp\/v2\/product_brand?post=40009"},{"taxonomy":"product_cat","embeddable":true,"href":"https:\/\/sundar.be\/fr\/wp-json\/wp\/v2\/product_cat?post=40009"},{"taxonomy":"product_tag","embeddable":true,"href":"https:\/\/sundar.be\/fr\/wp-json\/wp\/v2\/product_tag?post=40009"}],"curies":[{"name":"wp","href":"https:\/\/api.w.org\/{rel}","templated":true}]}}