{"id":39997,"date":"2024-09-01T07:00:10","date_gmt":"2024-09-01T05:00:10","guid":{"rendered":"https:\/\/sundar.be\/product\/bac-a-instruments-1000-ml\/"},"modified":"2025-03-13T17:09:49","modified_gmt":"2025-03-13T16:09:49","slug":"bac-a-instruments-1000-ml","status":"publish","type":"product","link":"https:\/\/sundar.be\/fr\/produit\/bac-a-instruments-1000-ml\/","title":{"rendered":"Bac \u00e0 instruments, 1000 ml"},"content":{"rendered":"<div class=\"single-product-overview-details__product-tab-text single-product-overview-details__product-tab-text--is-active\" data-tab=\"description\">\n<div class=\"single-product-overview-details__product-tab-text-description\">Bac \u00e0 instruments en plastique blanc solide. Capacit\u00e9 de 1000 ml. \u00c9quip\u00e9 d&rsquo;un tamis vous permettant d&rsquo;\u00e9goutter les instruments.  <\/div>\n<\/div>\n","protected":false},"excerpt":{"rendered":"<p>Bac \u00e0 instruments en plastique blanc solide. Capacit\u00e9 de 1000 ml. \u00c9quip\u00e9 d&rsquo;un tamis vous permettant d&rsquo;\u00e9goutter les instruments.<\/p>\n","protected":false},"featured_media":39988,"comment_status":"open","ping_status":"closed","template":"","meta":{"_acf_changed":false},"product_brand":[],"product_cat":[4141,1446,4765],"product_tag":[4167],"class_list":{"0":"post-39997","1":"product","2":"type-product","3":"status-publish","4":"has-post-thumbnail","6":"product_cat-nettoyage-desinfection-desinfection","7":"product_cat-hygiene-desinfection-fr","8":"product_cat-matriel-de-pratique","9":"product_tag-desinfection","11":"first","12":"instock","13":"taxable","14":"shipping-taxable","15":"product-type-simple"},"acf":[],"_links":{"self":[{"href":"https:\/\/sundar.be\/fr\/wp-json\/wp\/v2\/product\/39997","targetHints":{"allow":["GET"]}}],"collection":[{"href":"https:\/\/sundar.be\/fr\/wp-json\/wp\/v2\/product"}],"about":[{"href":"https:\/\/sundar.be\/fr\/wp-json\/wp\/v2\/types\/product"}],"replies":[{"embeddable":true,"href":"https:\/\/sundar.be\/fr\/wp-json\/wp\/v2\/comments?post=39997"}],"wp:featuredmedia":[{"embeddable":true,"href":"https:\/\/sundar.be\/fr\/wp-json\/wp\/v2\/media\/39988"}],"wp:attachment":[{"href":"https:\/\/sundar.be\/fr\/wp-json\/wp\/v2\/media?parent=39997"}],"wp:term":[{"taxonomy":"product_brand","embeddable":true,"href":"https:\/\/sundar.be\/fr\/wp-json\/wp\/v2\/product_brand?post=39997"},{"taxonomy":"product_cat","embeddable":true,"href":"https:\/\/sundar.be\/fr\/wp-json\/wp\/v2\/product_cat?post=39997"},{"taxonomy":"product_tag","embeddable":true,"href":"https:\/\/sundar.be\/fr\/wp-json\/wp\/v2\/product_tag?post=39997"}],"curies":[{"name":"wp","href":"https:\/\/api.w.org\/{rel}","templated":true}]}}