{"id":39968,"date":"2024-09-01T07:00:47","date_gmt":"2024-09-01T05:00:47","guid":{"rendered":"https:\/\/sundar.be\/product\/allclean-rt-1l-boren\/"},"modified":"2025-04-21T00:01:29","modified_gmt":"2025-04-20T22:01:29","slug":"allclean-rt-1l-boren","status":"publish","type":"product","link":"https:\/\/sundar.be\/fr\/produit\/allclean-rt-1l-boren\/","title":{"rendered":"AllClean RT, 1L (Boren)"},"content":{"rendered":"<p>AllClean RT 1L est une solution d&rsquo;application tr\u00e8s efficace, sans ald\u00e9hyde, pour le nettoyage et la d\u00e9sinfection des instruments rotatifs (forets et fraises en acier r\u00e9sistant aux alcalis et en acier inoxydable, instruments diamant\u00e9s, etc.<span data-ccp-props=\"{\"201341983\":0,\"335559739\":160,\"335559740\":279}\">   <\/span><\/p>\n<ul>\n<li><span data-ccp-props=\"{\"201341983\":0,\"335559739\":160,\"335559740\":279}\">Spectre d&rsquo;action complet contre les bact\u00e9ries, les champignons et tous les virus (virucide contre les virus encapsul\u00e9s et non encapsul\u00e9s). <\/span><\/li>\n<li><span data-ccp-props=\"{\"201341983\":0,\"335559739\":160,\"335559740\":279}\">Test\u00e9 selon les m\u00e9thodes les plus r\u00e9centes du VAH (Institut allemand de certification des d\u00e9sinfectants), de la directive DVV\/RKI (RIVM allemand) et des normes europ\u00e9ennes. <\/span><\/li>\n<\/ul>\n<p><strong>AllClean\u00ae est l&rsquo;alternative \u00e0 Sekudrill \/ Dentasept \/ D\u00fcrr 220<\/strong><\/p>\n","protected":false},"excerpt":{"rendered":"<p>AllClean RT 1L est une solution d&rsquo;application tr\u00e8s efficace, sans ald\u00e9hyde, pour le nettoyage et la d\u00e9sinfection des instruments rotatifs.<\/p>\n","protected":false},"featured_media":40450,"comment_status":"open","ping_status":"closed","template":"","meta":{"_acf_changed":false},"product_brand":[],"product_cat":[4141,1446,4765],"product_tag":[4167],"class_list":{"0":"post-39968","1":"product","2":"type-product","3":"status-publish","4":"has-post-thumbnail","6":"product_cat-nettoyage-desinfection-desinfection","7":"product_cat-hygiene-desinfection-fr","8":"product_cat-matriel-de-pratique","9":"product_tag-desinfection","11":"first","12":"instock","13":"taxable","14":"shipping-taxable","15":"product-type-simple"},"acf":[],"_links":{"self":[{"href":"https:\/\/sundar.be\/fr\/wp-json\/wp\/v2\/product\/39968","targetHints":{"allow":["GET"]}}],"collection":[{"href":"https:\/\/sundar.be\/fr\/wp-json\/wp\/v2\/product"}],"about":[{"href":"https:\/\/sundar.be\/fr\/wp-json\/wp\/v2\/types\/product"}],"replies":[{"embeddable":true,"href":"https:\/\/sundar.be\/fr\/wp-json\/wp\/v2\/comments?post=39968"}],"wp:featuredmedia":[{"embeddable":true,"href":"https:\/\/sundar.be\/fr\/wp-json\/wp\/v2\/media\/40450"}],"wp:attachment":[{"href":"https:\/\/sundar.be\/fr\/wp-json\/wp\/v2\/media?parent=39968"}],"wp:term":[{"taxonomy":"product_brand","embeddable":true,"href":"https:\/\/sundar.be\/fr\/wp-json\/wp\/v2\/product_brand?post=39968"},{"taxonomy":"product_cat","embeddable":true,"href":"https:\/\/sundar.be\/fr\/wp-json\/wp\/v2\/product_cat?post=39968"},{"taxonomy":"product_tag","embeddable":true,"href":"https:\/\/sundar.be\/fr\/wp-json\/wp\/v2\/product_tag?post=39968"}],"curies":[{"name":"wp","href":"https:\/\/api.w.org\/{rel}","templated":true}]}}