{"id":39960,"date":"2024-09-01T07:00:18","date_gmt":"2024-09-23T06:43:43","guid":{"rendered":"https:\/\/sundar.be\/product\/lingettes-alcoolisees-bio-recharge-de-125-pieces\/"},"modified":"2025-03-13T13:48:22","modified_gmt":"2025-03-13T12:48:22","slug":"lingettes-alcoolisees-bio-recharge-de-125-pieces","status":"publish","type":"product","link":"https:\/\/sundar.be\/fr\/produit\/lingettes-alcoolisees-bio-recharge-de-125-pieces\/","title":{"rendered":"Lingettes alcoolis\u00e9es Bio, recharge de 125 pi\u00e8ces"},"content":{"rendered":"<p>Les Bio Clean Alcohol Wipes 80% (lingettes alcoolis\u00e9es) sont d\u00e9velopp\u00e9es et produites sous notre propre gestion. Les lingettes sont de tr\u00e8s haute qualit\u00e9 et ont une grande taille. Leur structure est similaire \u00e0 celle d&rsquo;un chiffon en microfibre. Gr\u00e2ce \u00e0 leur haut degr\u00e9 d&rsquo;impr\u00e9gnation, ces lingettes permettent de nettoyer de grandes surfaces.   <\/p>\n<p>Recharge de 125 pi\u00e8ces.<\/p>\n","protected":false},"excerpt":{"rendered":"<p>Les Bio Clean Alcohol Wipes 80% (lingettes alcoolis\u00e9es) sont d\u00e9velopp\u00e9es et produites sous notre propre gestion. Les lingettes sont de tr\u00e8s haute qualit\u00e9 et ont une grande taille. Leur structure est similaire \u00e0 celle d&rsquo;un chiffon en microfibre. Gr\u00e2ce \u00e0 leur haut degr\u00e9 d&rsquo;impr\u00e9gnation, ces lingettes permettent de nettoyer de grandes surfaces. Recharge de 125 [&hellip;]<\/p>\n","protected":false},"featured_media":39954,"comment_status":"open","ping_status":"closed","template":"","meta":{"_acf_changed":false},"product_brand":[],"product_cat":[4141,1446,4765],"product_tag":[4167],"class_list":{"0":"post-39960","1":"product","2":"type-product","3":"status-publish","4":"has-post-thumbnail","6":"product_cat-nettoyage-desinfection-desinfection","7":"product_cat-hygiene-desinfection-fr","8":"product_cat-matriel-de-pratique","9":"product_tag-desinfection","11":"first","12":"instock","13":"taxable","14":"shipping-taxable","15":"product-type-simple"},"acf":[],"_links":{"self":[{"href":"https:\/\/sundar.be\/fr\/wp-json\/wp\/v2\/product\/39960","targetHints":{"allow":["GET"]}}],"collection":[{"href":"https:\/\/sundar.be\/fr\/wp-json\/wp\/v2\/product"}],"about":[{"href":"https:\/\/sundar.be\/fr\/wp-json\/wp\/v2\/types\/product"}],"replies":[{"embeddable":true,"href":"https:\/\/sundar.be\/fr\/wp-json\/wp\/v2\/comments?post=39960"}],"wp:featuredmedia":[{"embeddable":true,"href":"https:\/\/sundar.be\/fr\/wp-json\/wp\/v2\/media\/39954"}],"wp:attachment":[{"href":"https:\/\/sundar.be\/fr\/wp-json\/wp\/v2\/media?parent=39960"}],"wp:term":[{"taxonomy":"product_brand","embeddable":true,"href":"https:\/\/sundar.be\/fr\/wp-json\/wp\/v2\/product_brand?post=39960"},{"taxonomy":"product_cat","embeddable":true,"href":"https:\/\/sundar.be\/fr\/wp-json\/wp\/v2\/product_cat?post=39960"},{"taxonomy":"product_tag","embeddable":true,"href":"https:\/\/sundar.be\/fr\/wp-json\/wp\/v2\/product_tag?post=39960"}],"curies":[{"name":"wp","href":"https:\/\/api.w.org\/{rel}","templated":true}]}}