{"id":39951,"date":"2024-09-01T07:00:43","date_gmt":"2024-09-01T05:00:43","guid":{"rendered":"https:\/\/sundar.be\/product\/alcohol-96-1000-ml\/"},"modified":"2025-03-13T13:28:21","modified_gmt":"2025-03-13T12:28:21","slug":"alcohol-96-1000-ml","status":"publish","type":"product","link":"https:\/\/sundar.be\/fr\/produit\/alcohol-96-1000-ml\/","title":{"rendered":"Alcohol Podior 96 %, 1000 ml"},"content":{"rendered":"<div class=\"single-product-overview-details__product-tab-text single-product-overview-details__product-tab-text--is-active\" data-tab=\"description\">\n<div class=\"single-product-overview-details__product-tab-text-description\">Convient \u00e0 la d\u00e9sinfection de la peau, des instruments et des surfaces. (\u00c0 l&rsquo;exception des surfaces susceptibles d&rsquo;entrer en contact avec des aliments et des boissons et des mati\u00e8res premi\u00e8res pour ces derniers). <\/div>\n<\/div>\n","protected":false},"excerpt":{"rendered":"<p>Convient \u00e0 la d\u00e9sinfection de la peau, des instruments et des surfaces. (\u00c0 l&rsquo;exception des surfaces susceptibles d&rsquo;entrer en contact avec des aliments et des boissons et des mati\u00e8res premi\u00e8res pour ces derniers).<\/p>\n","protected":false},"featured_media":40474,"comment_status":"open","ping_status":"closed","template":"","meta":{"_acf_changed":false},"product_brand":[],"product_cat":[4141,1446,4765],"product_tag":[4167],"class_list":{"0":"post-39951","1":"product","2":"type-product","3":"status-publish","4":"has-post-thumbnail","6":"product_cat-nettoyage-desinfection-desinfection","7":"product_cat-hygiene-desinfection-fr","8":"product_cat-matriel-de-pratique","9":"product_tag-desinfection","11":"first","12":"instock","13":"taxable","14":"shipping-taxable","15":"product-type-simple"},"acf":[],"_links":{"self":[{"href":"https:\/\/sundar.be\/fr\/wp-json\/wp\/v2\/product\/39951","targetHints":{"allow":["GET"]}}],"collection":[{"href":"https:\/\/sundar.be\/fr\/wp-json\/wp\/v2\/product"}],"about":[{"href":"https:\/\/sundar.be\/fr\/wp-json\/wp\/v2\/types\/product"}],"replies":[{"embeddable":true,"href":"https:\/\/sundar.be\/fr\/wp-json\/wp\/v2\/comments?post=39951"}],"wp:featuredmedia":[{"embeddable":true,"href":"https:\/\/sundar.be\/fr\/wp-json\/wp\/v2\/media\/40474"}],"wp:attachment":[{"href":"https:\/\/sundar.be\/fr\/wp-json\/wp\/v2\/media?parent=39951"}],"wp:term":[{"taxonomy":"product_brand","embeddable":true,"href":"https:\/\/sundar.be\/fr\/wp-json\/wp\/v2\/product_brand?post=39951"},{"taxonomy":"product_cat","embeddable":true,"href":"https:\/\/sundar.be\/fr\/wp-json\/wp\/v2\/product_cat?post=39951"},{"taxonomy":"product_tag","embeddable":true,"href":"https:\/\/sundar.be\/fr\/wp-json\/wp\/v2\/product_tag?post=39951"}],"curies":[{"name":"wp","href":"https:\/\/api.w.org\/{rel}","templated":true}]}}