{"id":39935,"date":"2024-09-01T07:00:36","date_gmt":"2024-09-01T05:00:36","guid":{"rendered":"https:\/\/sundar.be\/product\/solution-saline-physiologique-09\/"},"modified":"2025-03-13T13:31:56","modified_gmt":"2025-03-13T12:31:56","slug":"solution-saline-physiologique-09","status":"publish","type":"product","link":"https:\/\/sundar.be\/fr\/produit\/solution-saline-physiologique-09\/","title":{"rendered":"Solution saline physiologique 0,9%"},"content":{"rendered":"<div class=\"main\">\n<p>Une solution saline physiologique de 0,9 % de NaCl (9 grammes de sel de table par litre) dans de l&rsquo;eau, de sorte que la valeur osmotique de la solution obtenue corresponde \u00e0 celle des tissus de l&rsquo;organisme. Le s\u00e9rum physiologique est sans danger pour le rin\u00e7age des parties du corps, en particulier les plaies. <\/p>\n<\/div>\n<p>&nbsp;<\/p>\n","protected":false},"excerpt":{"rendered":"<p>Solution saline physiologique 0,9 % La solution saline physiologique est sans danger pour le rin\u00e7age des parties du corps, en particulier les plaies. Elle ne convient pas \u00e0 un usage interne. <\/p>\n","protected":false},"featured_media":40488,"comment_status":"open","ping_status":"closed","template":"","meta":{"_acf_changed":false},"product_brand":[],"product_cat":[1446,4765,4143,4139],"product_tag":[],"class_list":{"0":"post-39935","1":"product","2":"type-product","3":"status-publish","4":"has-post-thumbnail","6":"product_cat-hygiene-desinfection-fr","7":"product_cat-matriel-de-pratique","8":"product_cat-nettoyage-desinfection-nettoyage","9":"product_cat-nettoyage-protection-personelle","10":"pa_inhoud-100-ml-fr","11":"pa_inhoud-1000-ml-fr","13":"first","14":"instock","15":"taxable","16":"shipping-taxable","17":"product-type-variable"},"acf":[],"_links":{"self":[{"href":"https:\/\/sundar.be\/fr\/wp-json\/wp\/v2\/product\/39935","targetHints":{"allow":["GET"]}}],"collection":[{"href":"https:\/\/sundar.be\/fr\/wp-json\/wp\/v2\/product"}],"about":[{"href":"https:\/\/sundar.be\/fr\/wp-json\/wp\/v2\/types\/product"}],"replies":[{"embeddable":true,"href":"https:\/\/sundar.be\/fr\/wp-json\/wp\/v2\/comments?post=39935"}],"wp:featuredmedia":[{"embeddable":true,"href":"https:\/\/sundar.be\/fr\/wp-json\/wp\/v2\/media\/40488"}],"wp:attachment":[{"href":"https:\/\/sundar.be\/fr\/wp-json\/wp\/v2\/media?parent=39935"}],"wp:term":[{"taxonomy":"product_brand","embeddable":true,"href":"https:\/\/sundar.be\/fr\/wp-json\/wp\/v2\/product_brand?post=39935"},{"taxonomy":"product_cat","embeddable":true,"href":"https:\/\/sundar.be\/fr\/wp-json\/wp\/v2\/product_cat?post=39935"},{"taxonomy":"product_tag","embeddable":true,"href":"https:\/\/sundar.be\/fr\/wp-json\/wp\/v2\/product_tag?post=39935"}],"curies":[{"name":"wp","href":"https:\/\/api.w.org\/{rel}","templated":true}]}}