{"id":39928,"date":"2024-09-01T07:00:45","date_gmt":"2024-09-22T15:51:39","guid":{"rendered":"https:\/\/sundar.be\/product\/dettol-spray-pour-plaies-100-ml\/"},"modified":"2025-03-13T13:15:23","modified_gmt":"2025-03-13T12:15:23","slug":"dettol-spray-pour-plaies-100-ml","status":"publish","type":"product","link":"https:\/\/sundar.be\/fr\/produit\/dettol-spray-pour-plaies-100-ml\/","title":{"rendered":"Dettol spray pour plaies, 100 ml"},"content":{"rendered":"<p>Le spray cutan\u00e9 Dettol nettoie et d\u00e9sinfecte les petites plaies. Le spray pour les plaies est rapide et facile \u00e0 utiliser. Dettol Med chlorure de benzalkonium 2 mg\/g spray cutan\u00e9 ne doit pas \u00eatre utilis\u00e9 plus d&rsquo;une fois par 24 heures, toujours lire la notice avant utilisation.  <\/p>\n","protected":false},"excerpt":{"rendered":"<p>Dettol Med Chlorure de benzalkonium 2 mg\/g spray cutan\u00e9 est utilis\u00e9 pour nettoyer les plaies mineures fra\u00eeches et \u00e9liminer les bact\u00e9ries courantes associ\u00e9es \u00e0 l&rsquo;infection des plaies mineures.<\/p>\n","protected":false},"featured_media":40456,"comment_status":"open","ping_status":"closed","template":"","meta":{"_acf_changed":false},"product_brand":[],"product_cat":[4141,1446,4765],"product_tag":[4165],"class_list":{"0":"post-39928","1":"product","2":"type-product","3":"status-publish","4":"has-post-thumbnail","6":"product_cat-nettoyage-desinfection-desinfection","7":"product_cat-hygiene-desinfection-fr","8":"product_cat-matriel-de-pratique","9":"product_tag-mains-peau","11":"first","12":"instock","13":"taxable","14":"shipping-taxable","15":"product-type-simple"},"acf":[],"_links":{"self":[{"href":"https:\/\/sundar.be\/fr\/wp-json\/wp\/v2\/product\/39928","targetHints":{"allow":["GET"]}}],"collection":[{"href":"https:\/\/sundar.be\/fr\/wp-json\/wp\/v2\/product"}],"about":[{"href":"https:\/\/sundar.be\/fr\/wp-json\/wp\/v2\/types\/product"}],"replies":[{"embeddable":true,"href":"https:\/\/sundar.be\/fr\/wp-json\/wp\/v2\/comments?post=39928"}],"wp:featuredmedia":[{"embeddable":true,"href":"https:\/\/sundar.be\/fr\/wp-json\/wp\/v2\/media\/40456"}],"wp:attachment":[{"href":"https:\/\/sundar.be\/fr\/wp-json\/wp\/v2\/media?parent=39928"}],"wp:term":[{"taxonomy":"product_brand","embeddable":true,"href":"https:\/\/sundar.be\/fr\/wp-json\/wp\/v2\/product_brand?post=39928"},{"taxonomy":"product_cat","embeddable":true,"href":"https:\/\/sundar.be\/fr\/wp-json\/wp\/v2\/product_cat?post=39928"},{"taxonomy":"product_tag","embeddable":true,"href":"https:\/\/sundar.be\/fr\/wp-json\/wp\/v2\/product_tag?post=39928"}],"curies":[{"name":"wp","href":"https:\/\/api.w.org\/{rel}","templated":true}]}}