{"id":39927,"date":"2024-09-01T07:00:30","date_gmt":"2024-09-01T05:00:30","guid":{"rendered":"https:\/\/sundar.be\/product\/diethylether-100-ml\/"},"modified":"2025-03-13T13:39:27","modified_gmt":"2025-03-13T12:39:27","slug":"diethylether-100-ml","status":"publish","type":"product","link":"https:\/\/sundar.be\/fr\/produit\/diethylether-100-ml\/","title":{"rendered":"Diethylether, 100 ml"},"content":{"rendered":"<p>L&rsquo;\u00e9ther di\u00e9thylique est un liquide tr\u00e8s volatil qui peut \u00eatre utilis\u00e9 pour d\u00e9graisser la peau.<\/p>\n<div>L&rsquo;\u00e9ther di\u00e9thylique (Ether) est un liquide volatil. Les m\u00e9langes de vapeur avec l&rsquo;air sont explosifs et la vapeur est plus lourde que l&rsquo;air. Stockez toujours l&rsquo;\u00e9ther di\u00e9thylique de mani\u00e8re aussi \u00e9tanche que possible \u00e0 l&rsquo;air et \u00e0 la lumi\u00e8re et r\u00e9duisez autant que possible votre stock d&rsquo;\u00e9ther di\u00e9thylique. Vous r\u00e9duirez ainsi le risque d&rsquo;oxydation.   <\/div>\n<div><\/div>\n<div>L&rsquo;\u00e9ther di\u00e9thylique est utilis\u00e9 sur la plaque de l&rsquo;ongle comme d\u00e9graissant et d\u00e9shumidifiant. Certains p\u00e9dicures utilisent l&rsquo;\u00e9ther di\u00e9thylique sur la peau (par voie topique) comme anesth\u00e9sique local. <\/div>\n","protected":false},"excerpt":{"rendered":"<p>L&rsquo;\u00e9ther di\u00e9thylique est un liquide tr\u00e8s volatil qui peut \u00eatre utilis\u00e9 pour d\u00e9graisser la peau.<\/p>\n","protected":false},"featured_media":40515,"comment_status":"open","ping_status":"closed","template":"","meta":{"_acf_changed":false},"product_brand":[],"product_cat":[4141,1446,4765],"product_tag":[4165],"class_list":{"0":"post-39927","1":"product","2":"type-product","3":"status-publish","4":"has-post-thumbnail","6":"product_cat-nettoyage-desinfection-desinfection","7":"product_cat-hygiene-desinfection-fr","8":"product_cat-matriel-de-pratique","9":"product_tag-mains-peau","11":"first","12":"instock","13":"taxable","14":"shipping-taxable","15":"product-type-simple"},"acf":[],"_links":{"self":[{"href":"https:\/\/sundar.be\/fr\/wp-json\/wp\/v2\/product\/39927","targetHints":{"allow":["GET"]}}],"collection":[{"href":"https:\/\/sundar.be\/fr\/wp-json\/wp\/v2\/product"}],"about":[{"href":"https:\/\/sundar.be\/fr\/wp-json\/wp\/v2\/types\/product"}],"replies":[{"embeddable":true,"href":"https:\/\/sundar.be\/fr\/wp-json\/wp\/v2\/comments?post=39927"}],"wp:featuredmedia":[{"embeddable":true,"href":"https:\/\/sundar.be\/fr\/wp-json\/wp\/v2\/media\/40515"}],"wp:attachment":[{"href":"https:\/\/sundar.be\/fr\/wp-json\/wp\/v2\/media?parent=39927"}],"wp:term":[{"taxonomy":"product_brand","embeddable":true,"href":"https:\/\/sundar.be\/fr\/wp-json\/wp\/v2\/product_brand?post=39927"},{"taxonomy":"product_cat","embeddable":true,"href":"https:\/\/sundar.be\/fr\/wp-json\/wp\/v2\/product_cat?post=39927"},{"taxonomy":"product_tag","embeddable":true,"href":"https:\/\/sundar.be\/fr\/wp-json\/wp\/v2\/product_tag?post=39927"}],"curies":[{"name":"wp","href":"https:\/\/api.w.org\/{rel}","templated":true}]}}