{"id":39917,"date":"2024-09-01T07:00:46","date_gmt":"2024-09-22T15:45:44","guid":{"rendered":"https:\/\/sundar.be\/product\/dettol-500-ml\/"},"modified":"2025-03-13T13:14:12","modified_gmt":"2025-03-13T12:14:12","slug":"dettol-500-ml","status":"publish","type":"product","link":"https:\/\/sundar.be\/fr\/produit\/dettol-500-ml\/","title":{"rendered":"Dettol, 500 ml"},"content":{"rendered":"<p>Dettol chloroxylenol 48 mg\/ml a \u00e9t\u00e9 d\u00e9velopp\u00e9 pour la d\u00e9sinfection des plaies et de la peau. Il peut \u00eatre utilis\u00e9 pour la d\u00e9sinfection des mains, des coupures, des piq\u00fbres d&rsquo;insectes et des \u00e9gratignures. Dettol chloroxylenol 48 mg\/ml doit \u00eatre dilu\u00e9 avant utilisation, veillez toujours \u00e0 lire la notice avant l&#8217;emploi.  <\/p>\n<ul>\n<li>Convient pour une utilisation sur la peau<\/li>\n<li>Pour la d\u00e9sinfection des mains, des coupures, des \u00e9corchures et des piq\u00fbres d&rsquo;insectes<\/li>\n<li>Utilis\u00e9 dans le domaine m\u00e9dical pour la d\u00e9sinfection de la peau externe.<\/li>\n<li>Lisez toujours d&rsquo;abord la notice<\/li>\n<\/ul>\n","protected":false},"excerpt":{"rendered":"<p>Dettol chloroxylenol 48 mg\/ml a \u00e9t\u00e9 d\u00e9velopp\u00e9 pour la d\u00e9sinfection des plaies et de la peau. Il peut \u00eatre utilis\u00e9 pour la d\u00e9sinfection des mains, des coupures, des piq\u00fbres d&rsquo;insectes et des \u00e9gratignures. Dettol chloroxylenol 48 mg\/ml doit \u00eatre dilu\u00e9 avant utilisation, veillez toujours \u00e0 lire la notice avant l&#8217;emploi. Convient pour une utilisation sur [&hellip;]<\/p>\n","protected":false},"featured_media":40453,"comment_status":"open","ping_status":"closed","template":"","meta":{"_acf_changed":false},"product_brand":[],"product_cat":[4141,1446,4765],"product_tag":[4165],"class_list":{"0":"post-39917","1":"product","2":"type-product","3":"status-publish","4":"has-post-thumbnail","6":"product_cat-nettoyage-desinfection-desinfection","7":"product_cat-hygiene-desinfection-fr","8":"product_cat-matriel-de-pratique","9":"product_tag-mains-peau","11":"first","12":"instock","13":"taxable","14":"shipping-taxable","15":"product-type-simple"},"acf":[],"_links":{"self":[{"href":"https:\/\/sundar.be\/fr\/wp-json\/wp\/v2\/product\/39917","targetHints":{"allow":["GET"]}}],"collection":[{"href":"https:\/\/sundar.be\/fr\/wp-json\/wp\/v2\/product"}],"about":[{"href":"https:\/\/sundar.be\/fr\/wp-json\/wp\/v2\/types\/product"}],"replies":[{"embeddable":true,"href":"https:\/\/sundar.be\/fr\/wp-json\/wp\/v2\/comments?post=39917"}],"wp:featuredmedia":[{"embeddable":true,"href":"https:\/\/sundar.be\/fr\/wp-json\/wp\/v2\/media\/40453"}],"wp:attachment":[{"href":"https:\/\/sundar.be\/fr\/wp-json\/wp\/v2\/media?parent=39917"}],"wp:term":[{"taxonomy":"product_brand","embeddable":true,"href":"https:\/\/sundar.be\/fr\/wp-json\/wp\/v2\/product_brand?post=39917"},{"taxonomy":"product_cat","embeddable":true,"href":"https:\/\/sundar.be\/fr\/wp-json\/wp\/v2\/product_cat?post=39917"},{"taxonomy":"product_tag","embeddable":true,"href":"https:\/\/sundar.be\/fr\/wp-json\/wp\/v2\/product_tag?post=39917"}],"curies":[{"name":"wp","href":"https:\/\/api.w.org\/{rel}","templated":true}]}}