{"id":39911,"date":"2024-09-01T07:00:54","date_gmt":"2024-09-22T15:41:49","guid":{"rendered":"https:\/\/sundar.be\/product\/creme-de-betadine-30-grammes\/"},"modified":"2025-03-13T12:58:05","modified_gmt":"2025-03-13T11:58:05","slug":"creme-de-betadine-30-grammes","status":"publish","type":"product","link":"https:\/\/sundar.be\/fr\/produit\/creme-de-betadine-30-grammes\/","title":{"rendered":"Cr\u00e8me de B\u00e9tadine, 30 grammes"},"content":{"rendered":"<p>Pour pr\u00e9venir et traiter les infections des br\u00fblures, coupures ou \u00e9corchures mineures et autres l\u00e9sions cutan\u00e9es. Aide \u00e0 traiter les verrues d&rsquo;eau. La pommade adh\u00e8re bien \u00e0 la plaie, ce qui la rend durable. Les risques de fuites et de taches sont \u00e9galement r\u00e9duits.   <\/p>\n","protected":false},"excerpt":{"rendered":"<p>La pommade Betadine est utilis\u00e9e pour d\u00e9sinfecter la peau. Elle pr\u00e9vient \u00e9galement les infections des plaies. <\/p>\n","protected":false},"featured_media":40381,"comment_status":"open","ping_status":"closed","template":"","meta":{"_acf_changed":false},"product_brand":[],"product_cat":[1446,4765],"product_tag":[4165],"class_list":{"0":"post-39911","1":"product","2":"type-product","3":"status-publish","4":"has-post-thumbnail","6":"product_cat-hygiene-desinfection-fr","7":"product_cat-matriel-de-pratique","8":"product_tag-mains-peau","10":"first","11":"instock","12":"taxable","13":"shipping-taxable","14":"product-type-simple"},"acf":[],"_links":{"self":[{"href":"https:\/\/sundar.be\/fr\/wp-json\/wp\/v2\/product\/39911","targetHints":{"allow":["GET"]}}],"collection":[{"href":"https:\/\/sundar.be\/fr\/wp-json\/wp\/v2\/product"}],"about":[{"href":"https:\/\/sundar.be\/fr\/wp-json\/wp\/v2\/types\/product"}],"replies":[{"embeddable":true,"href":"https:\/\/sundar.be\/fr\/wp-json\/wp\/v2\/comments?post=39911"}],"wp:featuredmedia":[{"embeddable":true,"href":"https:\/\/sundar.be\/fr\/wp-json\/wp\/v2\/media\/40381"}],"wp:attachment":[{"href":"https:\/\/sundar.be\/fr\/wp-json\/wp\/v2\/media?parent=39911"}],"wp:term":[{"taxonomy":"product_brand","embeddable":true,"href":"https:\/\/sundar.be\/fr\/wp-json\/wp\/v2\/product_brand?post=39911"},{"taxonomy":"product_cat","embeddable":true,"href":"https:\/\/sundar.be\/fr\/wp-json\/wp\/v2\/product_cat?post=39911"},{"taxonomy":"product_tag","embeddable":true,"href":"https:\/\/sundar.be\/fr\/wp-json\/wp\/v2\/product_tag?post=39911"}],"curies":[{"name":"wp","href":"https:\/\/api.w.org\/{rel}","templated":true}]}}