{"id":39907,"date":"2024-09-01T07:00:01","date_gmt":"2024-09-22T15:39:56","guid":{"rendered":"https:\/\/sundar.be\/product\/solution-de-betadine-30-ml\/"},"modified":"2025-03-13T17:41:40","modified_gmt":"2025-03-13T16:41:40","slug":"solution-de-betadine-30-ml","status":"publish","type":"product","link":"https:\/\/sundar.be\/fr\/produit\/solution-de-betadine-30-ml\/","title":{"rendered":"Solution de b\u00e9tadine, 30 ml"},"content":{"rendered":"<p>La solution de Betadine est un d\u00e9sinfectant (agent tueurs de germes), dont le principe actif, le povidone-iod\u00e9e, poss\u00e8de une action rapide et durable contre les micro-organismes (tue uniquement les organismes visibles au microscope tels que les bact\u00e9ries, les champignons et les virus).<\/p>\n<p>La solution de Jodium Betadine est utilis\u00e9e pour la d\u00e9sinfection des coupures, des \u00e9gratignures, des br\u00fblures, ainsi que de la peau avant les injections et les transfusions sanguines, et pour la d\u00e9sinfection pr\u00e9- et postop\u00e9ratoire de la zone op\u00e9ratoire.<\/p>\n","protected":false},"excerpt":{"rendered":"<p>D\u00e9sinfectant et d\u00e9sinfectant contenant l&rsquo;ingr\u00e9dient actif povidone iod\u00e9e.<\/p>\n","protected":false},"featured_media":40657,"comment_status":"open","ping_status":"closed","template":"","meta":{"_acf_changed":false},"product_brand":[],"product_cat":[4141,1446,4765],"product_tag":[4165],"class_list":{"0":"post-39907","1":"product","2":"type-product","3":"status-publish","4":"has-post-thumbnail","6":"product_cat-nettoyage-desinfection-desinfection","7":"product_cat-hygiene-desinfection-fr","8":"product_cat-matriel-de-pratique","9":"product_tag-mains-peau","11":"first","12":"instock","13":"taxable","14":"shipping-taxable","15":"product-type-simple"},"acf":[],"_links":{"self":[{"href":"https:\/\/sundar.be\/fr\/wp-json\/wp\/v2\/product\/39907","targetHints":{"allow":["GET"]}}],"collection":[{"href":"https:\/\/sundar.be\/fr\/wp-json\/wp\/v2\/product"}],"about":[{"href":"https:\/\/sundar.be\/fr\/wp-json\/wp\/v2\/types\/product"}],"replies":[{"embeddable":true,"href":"https:\/\/sundar.be\/fr\/wp-json\/wp\/v2\/comments?post=39907"}],"wp:featuredmedia":[{"embeddable":true,"href":"https:\/\/sundar.be\/fr\/wp-json\/wp\/v2\/media\/40657"}],"wp:attachment":[{"href":"https:\/\/sundar.be\/fr\/wp-json\/wp\/v2\/media?parent=39907"}],"wp:term":[{"taxonomy":"product_brand","embeddable":true,"href":"https:\/\/sundar.be\/fr\/wp-json\/wp\/v2\/product_brand?post=39907"},{"taxonomy":"product_cat","embeddable":true,"href":"https:\/\/sundar.be\/fr\/wp-json\/wp\/v2\/product_cat?post=39907"},{"taxonomy":"product_tag","embeddable":true,"href":"https:\/\/sundar.be\/fr\/wp-json\/wp\/v2\/product_tag?post=39907"}],"curies":[{"name":"wp","href":"https:\/\/api.w.org\/{rel}","templated":true}]}}