{"id":39901,"date":"2024-09-01T07:00:03","date_gmt":"2024-09-01T05:00:03","guid":{"rendered":"https:\/\/sundar.be\/product\/liquide-de-nettoyage-heka-03-de-chlorhexidine\/"},"modified":"2025-03-13T17:22:46","modified_gmt":"2025-03-13T16:22:46","slug":"liquide-de-nettoyage-heka-03-de-chlorhexidine","status":"publish","type":"product","link":"https:\/\/sundar.be\/fr\/produit\/liquide-de-nettoyage-heka-03-de-chlorhexidine\/","title":{"rendered":"Liquide de nettoyage Heka 0,3 % de chlorhexidine"},"content":{"rendered":"<p>Le liquide de nettoyage HEKA est destin\u00e9 au nettoyage de la peau intacte, un liquide qui permet au pl\u00e2tre de mieux adh\u00e9rer. Il n&rsquo;est pas destin\u00e9 \u00e0 nettoyer une plaie. <\/p>\n","protected":false},"excerpt":{"rendered":"<p>Le liquide de nettoyage HEKA est un liquide qui permet \u00e0 l&rsquo;enduit de mieux adh\u00e9rer.<\/p>\n","protected":false},"featured_media":59227,"comment_status":"open","ping_status":"closed","template":"","meta":{"_acf_changed":false},"product_brand":[],"product_cat":[1446,4765,4143],"product_tag":[4165],"class_list":{"0":"post-39901","1":"product","2":"type-product","3":"status-publish","4":"has-post-thumbnail","6":"product_cat-hygiene-desinfection-fr","7":"product_cat-matriel-de-pratique","8":"product_cat-nettoyage-desinfection-nettoyage","9":"product_tag-mains-peau","10":"pa_inhoud-15-ml-fr","11":"pa_inhoud-30-ml-fr","13":"first","14":"instock","15":"taxable","16":"shipping-taxable","17":"product-type-variable"},"acf":[],"_links":{"self":[{"href":"https:\/\/sundar.be\/fr\/wp-json\/wp\/v2\/product\/39901","targetHints":{"allow":["GET"]}}],"collection":[{"href":"https:\/\/sundar.be\/fr\/wp-json\/wp\/v2\/product"}],"about":[{"href":"https:\/\/sundar.be\/fr\/wp-json\/wp\/v2\/types\/product"}],"replies":[{"embeddable":true,"href":"https:\/\/sundar.be\/fr\/wp-json\/wp\/v2\/comments?post=39901"}],"wp:featuredmedia":[{"embeddable":true,"href":"https:\/\/sundar.be\/fr\/wp-json\/wp\/v2\/media\/59227"}],"wp:attachment":[{"href":"https:\/\/sundar.be\/fr\/wp-json\/wp\/v2\/media?parent=39901"}],"wp:term":[{"taxonomy":"product_brand","embeddable":true,"href":"https:\/\/sundar.be\/fr\/wp-json\/wp\/v2\/product_brand?post=39901"},{"taxonomy":"product_cat","embeddable":true,"href":"https:\/\/sundar.be\/fr\/wp-json\/wp\/v2\/product_cat?post=39901"},{"taxonomy":"product_tag","embeddable":true,"href":"https:\/\/sundar.be\/fr\/wp-json\/wp\/v2\/product_tag?post=39901"}],"curies":[{"name":"wp","href":"https:\/\/api.w.org\/{rel}","templated":true}]}}