{"id":39900,"date":"2024-09-01T07:00:00","date_gmt":"2024-09-01T05:00:00","guid":{"rendered":"https:\/\/sundar.be\/product\/boite-de-lingettes-alkotip-100-pieces\/"},"modified":"2025-03-13T17:24:00","modified_gmt":"2025-03-13T16:24:00","slug":"boite-de-lingettes-alkotip-100-pieces","status":"publish","type":"product","link":"https:\/\/sundar.be\/fr\/produit\/boite-de-lingettes-alkotip-100-pieces\/","title":{"rendered":"Bo\u00eete de lingettes Alkotip, 100 pi\u00e8ces"},"content":{"rendered":"<p>Lingettes Alkotip pour le nettoyage de la peau. Utilis\u00e9es pour nettoyer la peau avant la piq\u00fbre afin d&rsquo;\u00e9viter toute infection. Les lingettes contiennent de l&rsquo;alcool isopropylique, qui permet d&rsquo;\u00e9liminer les germes et les bact\u00e9ries. Elles sont emball\u00e9es individuellement pour garantir leur st\u00e9rilit\u00e9 et leur hydratation. Elles sont faciles \u00e0 ranger et \u00e0 transporter en cas de besoin. Les lingettes Alkotip sont fabriqu\u00e9es selon les normes les plus strictes et en conformit\u00e9 avec les r\u00e9glementations europ\u00e9ennes en mati\u00e8re de tatouage et de p\u00e9n\u00e9tration.     <\/p>\n","protected":false},"excerpt":{"rendered":"<p>Lingettes Alkotip pour le nettoyage de la peau. Utilis\u00e9es pour nettoyer la peau avant la piq\u00fbre afin d&rsquo;\u00e9viter toute infection. Les lingettes contiennent de l&rsquo;alcool isopropylique, qui permet d&rsquo;\u00e9liminer les germes et les bact\u00e9ries. Elles sont emball\u00e9es individuellement pour garantir leur st\u00e9rilit\u00e9 et leur hydratation. Elles sont faciles \u00e0 ranger et \u00e0 transporter en cas [&hellip;]<\/p>\n","protected":false},"featured_media":59223,"comment_status":"open","ping_status":"closed","template":"","meta":{"_acf_changed":false},"product_brand":[],"product_cat":[4141,1446,4765],"product_tag":[4165],"class_list":{"0":"post-39900","1":"product","2":"type-product","3":"status-publish","4":"has-post-thumbnail","6":"product_cat-nettoyage-desinfection-desinfection","7":"product_cat-hygiene-desinfection-fr","8":"product_cat-matriel-de-pratique","9":"product_tag-mains-peau","11":"first","12":"instock","13":"taxable","14":"shipping-taxable","15":"product-type-simple"},"acf":[],"_links":{"self":[{"href":"https:\/\/sundar.be\/fr\/wp-json\/wp\/v2\/product\/39900","targetHints":{"allow":["GET"]}}],"collection":[{"href":"https:\/\/sundar.be\/fr\/wp-json\/wp\/v2\/product"}],"about":[{"href":"https:\/\/sundar.be\/fr\/wp-json\/wp\/v2\/types\/product"}],"replies":[{"embeddable":true,"href":"https:\/\/sundar.be\/fr\/wp-json\/wp\/v2\/comments?post=39900"}],"wp:featuredmedia":[{"embeddable":true,"href":"https:\/\/sundar.be\/fr\/wp-json\/wp\/v2\/media\/59223"}],"wp:attachment":[{"href":"https:\/\/sundar.be\/fr\/wp-json\/wp\/v2\/media?parent=39900"}],"wp:term":[{"taxonomy":"product_brand","embeddable":true,"href":"https:\/\/sundar.be\/fr\/wp-json\/wp\/v2\/product_brand?post=39900"},{"taxonomy":"product_cat","embeddable":true,"href":"https:\/\/sundar.be\/fr\/wp-json\/wp\/v2\/product_cat?post=39900"},{"taxonomy":"product_tag","embeddable":true,"href":"https:\/\/sundar.be\/fr\/wp-json\/wp\/v2\/product_tag?post=39900"}],"curies":[{"name":"wp","href":"https:\/\/api.w.org\/{rel}","templated":true}]}}