{"id":39880,"date":"2024-09-01T07:00:54","date_gmt":"2024-09-22T15:26:20","guid":{"rendered":"https:\/\/sundar.be\/product\/nedalco-des-g-5000-ml\/"},"modified":"2025-03-13T12:56:31","modified_gmt":"2025-03-13T11:56:31","slug":"nedalco-des-g-5000-ml","status":"publish","type":"product","link":"https:\/\/sundar.be\/fr\/produit\/nedalco-des-g-5000-ml\/","title":{"rendered":"Nedalco Des G, 5000 ml"},"content":{"rendered":"<p>Les produits de d\u00e9sinfection Nedalco sont id\u00e9aux pour garantir une hygi\u00e8ne optimale. Des-G \u00e9limine efficacement les virus, bact\u00e9ries, champignons et levures avec une action rapide et efficace, ce qui le rend pratique \u00e0 utiliser. Ces produits sont fabriqu\u00e9s \u00e0 partir d\u2019une alcool de tr\u00e8s haute puret\u00e9, issue de sources naturelles. Sans parfum, sans colorants, avec une odeur agr\u00e9ablement fra\u00eeche. Ne contiennent ni m\u00e9thanol toxique ni ald\u00e9hydes.     <\/p>\n<p><b>Substance active : <\/b>\u00c9thanol 7 % (V\/V) m\u00e9lang\u00e9 avec 0,5 % de chlorhexidine et une solution de 5 % de glyc\u00e9rol.<\/p>\n<p><b>Application :<\/b> D\u00e9sinfection des mains, des petites surfaces, des petits objets et des petits plans de travail.<\/p>\n","protected":false},"excerpt":{"rendered":"<p>Le d\u00e9sinfectant id\u00e9al pour les mains. Nedalco a une odeur neutre, ne contient pas de colorants et a un effet d\u00e9sinfectant de longue dur\u00e9e. Nedalco ne contient pas de savon et garde votre peau saine.  <\/p>\n","protected":false},"featured_media":40379,"comment_status":"open","ping_status":"closed","template":"","meta":{"_acf_changed":false},"product_brand":[],"product_cat":[1446,4765,4143],"product_tag":[4149],"class_list":{"0":"post-39880","1":"product","2":"type-product","3":"status-publish","4":"has-post-thumbnail","6":"product_cat-hygiene-desinfection-fr","7":"product_cat-matriel-de-pratique","8":"product_cat-nettoyage-desinfection-nettoyage","9":"product_tag-surfaces","11":"first","12":"instock","13":"taxable","14":"shipping-taxable","15":"product-type-simple"},"acf":[],"_links":{"self":[{"href":"https:\/\/sundar.be\/fr\/wp-json\/wp\/v2\/product\/39880","targetHints":{"allow":["GET"]}}],"collection":[{"href":"https:\/\/sundar.be\/fr\/wp-json\/wp\/v2\/product"}],"about":[{"href":"https:\/\/sundar.be\/fr\/wp-json\/wp\/v2\/types\/product"}],"replies":[{"embeddable":true,"href":"https:\/\/sundar.be\/fr\/wp-json\/wp\/v2\/comments?post=39880"}],"wp:featuredmedia":[{"embeddable":true,"href":"https:\/\/sundar.be\/fr\/wp-json\/wp\/v2\/media\/40379"}],"wp:attachment":[{"href":"https:\/\/sundar.be\/fr\/wp-json\/wp\/v2\/media?parent=39880"}],"wp:term":[{"taxonomy":"product_brand","embeddable":true,"href":"https:\/\/sundar.be\/fr\/wp-json\/wp\/v2\/product_brand?post=39880"},{"taxonomy":"product_cat","embeddable":true,"href":"https:\/\/sundar.be\/fr\/wp-json\/wp\/v2\/product_cat?post=39880"},{"taxonomy":"product_tag","embeddable":true,"href":"https:\/\/sundar.be\/fr\/wp-json\/wp\/v2\/product_tag?post=39880"}],"curies":[{"name":"wp","href":"https:\/\/api.w.org\/{rel}","templated":true}]}}