{"id":39870,"date":"2024-09-01T07:00:14","date_gmt":"2024-09-01T05:00:14","guid":{"rendered":"https:\/\/sundar.be\/product\/incidin-foam\/"},"modified":"2025-03-13T13:51:49","modified_gmt":"2025-03-13T12:51:49","slug":"incidin-foam","status":"publish","type":"product","link":"https:\/\/sundar.be\/fr\/produit\/incidin-foam\/","title":{"rendered":"Incidin Foam"},"content":{"rendered":"<p>La formule avanc\u00e9e d&rsquo;Incidin\u00ae OxyFoam S offre les avantages d&rsquo;une solution brevet\u00e9e de peroxyde d&rsquo;hydrog\u00e8ne avec une action efficace \u00e0 grande \u00e9chelle. Elle est efficace contre une vari\u00e9t\u00e9 de pathog\u00e8nes et ne laisse aucun r\u00e9sidu actif puisqu&rsquo;elle s&rsquo;\u00e9vapore rapidement. <\/p>\n<ul>\n<li>Ingr\u00e9dient actif qui se d\u00e9compose en eau et en oxyg\u00e8ne<\/li>\n<li>Solutions sporicides et virucides<\/li>\n<li>Excellente compatibilit\u00e9 avec les mat\u00e9riaux<\/li>\n<li>Bas\u00e9 sur le H2O2 \u00e0 haute vitesse<\/li>\n<li>Conforme \u00e0 la norme EN 16615<\/li>\n<li>Marquage CE, classe IIb<\/li>\n<\/ul>\n<p>Incidin Oxyfam S &#8211; Pour une d\u00e9sinfection efficace des surfaces. Sporicide pr\u00eat \u00e0 l&#8217;emploi pour le nettoyage et la d\u00e9sinfection avec Hi-speed H2O2. La formule innovante de Incidin OxyFoam S et Incidin OxyWipe S est bas\u00e9e sur une solution de peroxyde d&rsquo;hydrog\u00e8ne brevet\u00e9e, avec un large spectre d&rsquo;action. Efficace contre un large \u00e9ventail de bact\u00e9ries et de virus.  <\/p>\n","protected":false},"excerpt":{"rendered":"<p>Incidin Oxyfam S &#8211; Pour une d\u00e9sinfection efficace des surfaces.<\/p>\n","protected":false},"featured_media":40607,"comment_status":"open","ping_status":"closed","template":"","meta":{"_acf_changed":false},"product_brand":[],"product_cat":[1446,4765,4143],"product_tag":[4149],"class_list":{"0":"post-39870","1":"product","2":"type-product","3":"status-publish","4":"has-post-thumbnail","6":"product_cat-hygiene-desinfection-fr","7":"product_cat-matriel-de-pratique","8":"product_cat-nettoyage-desinfection-nettoyage","9":"product_tag-surfaces","10":"pa_inhoud-5000-ml-fr","11":"pa_inhoud-750-ml-spray-fr","13":"first","14":"instock","15":"taxable","16":"shipping-taxable","17":"product-type-variable"},"acf":[],"_links":{"self":[{"href":"https:\/\/sundar.be\/fr\/wp-json\/wp\/v2\/product\/39870","targetHints":{"allow":["GET"]}}],"collection":[{"href":"https:\/\/sundar.be\/fr\/wp-json\/wp\/v2\/product"}],"about":[{"href":"https:\/\/sundar.be\/fr\/wp-json\/wp\/v2\/types\/product"}],"replies":[{"embeddable":true,"href":"https:\/\/sundar.be\/fr\/wp-json\/wp\/v2\/comments?post=39870"}],"wp:featuredmedia":[{"embeddable":true,"href":"https:\/\/sundar.be\/fr\/wp-json\/wp\/v2\/media\/40607"}],"wp:attachment":[{"href":"https:\/\/sundar.be\/fr\/wp-json\/wp\/v2\/media?parent=39870"}],"wp:term":[{"taxonomy":"product_brand","embeddable":true,"href":"https:\/\/sundar.be\/fr\/wp-json\/wp\/v2\/product_brand?post=39870"},{"taxonomy":"product_cat","embeddable":true,"href":"https:\/\/sundar.be\/fr\/wp-json\/wp\/v2\/product_cat?post=39870"},{"taxonomy":"product_tag","embeddable":true,"href":"https:\/\/sundar.be\/fr\/wp-json\/wp\/v2\/product_tag?post=39870"}],"curies":[{"name":"wp","href":"https:\/\/api.w.org\/{rel}","templated":true}]}}