{"id":39869,"date":"2024-09-01T07:00:44","date_gmt":"2024-09-22T15:17:41","guid":{"rendered":"https:\/\/sundar.be\/product\/incidin-plus-2-liter\/"},"modified":"2025-03-13T13:18:21","modified_gmt":"2025-03-13T12:18:21","slug":"incidin-plus-2-liter","status":"publish","type":"product","link":"https:\/\/sundar.be\/fr\/produit\/incidin-plus-2-liter\/","title":{"rendered":"Incidin Plus, 2 liter"},"content":{"rendered":"<p>D\u00e9sinfectant nettoyant puissant pour les surfaces, \u00e0 base de glucoprotamine.<\/p>\n<p><strong>Respectueux des mat\u00e9riaux, applicable sur : <\/strong>m\u00e9tal (par exemple laiton), mat\u00e9riaux synth\u00e9tiques, rev\u00eatements de sol (par exemple linol\u00e9um), sols en pierre, PVC. <\/p>\n<p><strong>Spectre d&rsquo;action : <\/strong>Bact\u00e9ricide selon EN13727, Mycobact\u00e9ricide\/Tuberculocide selon EN13348, Fongicide selon EN13624, Virucide limit\u00e9 : HBV, HCV, HIV, Grippe aviaire.<\/p>\n<p>Biocide enregistr\u00e9 13538N, solution \u00e0 1%.<\/p>\n","protected":false},"excerpt":{"rendered":"<p>Le d\u00e9sinfectant Incidin Plus d&rsquo;Ecolab est un d\u00e9sinfectant puissant pour les surfaces de nettoyage.<\/p>\n","protected":false},"featured_media":40458,"comment_status":"open","ping_status":"closed","template":"","meta":{"_acf_changed":false},"product_brand":[],"product_cat":[1446,4765,4143],"product_tag":[4149],"class_list":{"0":"post-39869","1":"product","2":"type-product","3":"status-publish","4":"has-post-thumbnail","6":"product_cat-hygiene-desinfection-fr","7":"product_cat-matriel-de-pratique","8":"product_cat-nettoyage-desinfection-nettoyage","9":"product_tag-surfaces","11":"first","12":"instock","13":"taxable","14":"shipping-taxable","15":"product-type-simple"},"acf":[],"_links":{"self":[{"href":"https:\/\/sundar.be\/fr\/wp-json\/wp\/v2\/product\/39869","targetHints":{"allow":["GET"]}}],"collection":[{"href":"https:\/\/sundar.be\/fr\/wp-json\/wp\/v2\/product"}],"about":[{"href":"https:\/\/sundar.be\/fr\/wp-json\/wp\/v2\/types\/product"}],"replies":[{"embeddable":true,"href":"https:\/\/sundar.be\/fr\/wp-json\/wp\/v2\/comments?post=39869"}],"wp:featuredmedia":[{"embeddable":true,"href":"https:\/\/sundar.be\/fr\/wp-json\/wp\/v2\/media\/40458"}],"wp:attachment":[{"href":"https:\/\/sundar.be\/fr\/wp-json\/wp\/v2\/media?parent=39869"}],"wp:term":[{"taxonomy":"product_brand","embeddable":true,"href":"https:\/\/sundar.be\/fr\/wp-json\/wp\/v2\/product_brand?post=39869"},{"taxonomy":"product_cat","embeddable":true,"href":"https:\/\/sundar.be\/fr\/wp-json\/wp\/v2\/product_cat?post=39869"},{"taxonomy":"product_tag","embeddable":true,"href":"https:\/\/sundar.be\/fr\/wp-json\/wp\/v2\/product_tag?post=39869"}],"curies":[{"name":"wp","href":"https:\/\/api.w.org\/{rel}","templated":true}]}}