{"id":39847,"date":"2024-09-01T07:00:15","date_gmt":"2024-09-22T14:53:03","guid":{"rendered":"https:\/\/sundar.be\/product\/durr-fd-322-2-5-liter\/"},"modified":"2025-03-13T13:53:14","modified_gmt":"2025-03-13T12:53:14","slug":"durr-fd-322-2-5-liter","status":"publish","type":"product","link":"https:\/\/sundar.be\/fr\/produit\/durr-fd-322-2-5-liter\/","title":{"rendered":"Durr FD 322, 2.5 liter"},"content":{"rendered":"<p>FD 332 Surface Disinfection de D\u00fcrr Dental est un agent pr\u00eat \u00e0 l\u2019emploi, <b>sans ald\u00e9hyde<\/b>, <b>\u00e0 action rapide pour les produits m\u00e9dicaux<\/b> et l\u2019inventaire du cabinet. Il convient parfaitement \u00e0 la d\u00e9sinfection des <b>fauteuils de traitement, des tables d\u2019\u00e9quipement, des combin\u00e9s et des couvercles de protection pour les films intra-oraux<\/b>. <\/p>\n<p>Il peut \u00eatre utilis\u00e9 pour la d\u00e9sinfection <b>par pulv\u00e9risation ou par essuyage<\/b>. Il d\u00e9ploie <b>tout son spectre d\u2019action<\/b> au bout <b>d\u2019une minute<\/b> seulement, de sorte que le traitement peut reprendre rapidement. FD 322 r\u00e9pond aux exigences de la certification VAH.  <\/p>\n<p>Excellente tol\u00e9rance des mat\u00e9riaux. S\u00e9chage rapide sans r\u00e9sidus. <\/p>\n<p><strong>Spectre d\u2019action :<\/strong> bact\u00e9ricide, tuberculocide, fongicide, virucide limit\u00e9 (virus envelopp\u00e9s tels que les virus de la vaccine, y compris le VHB, le VHC et le VIH, et virus non envelopp\u00e9s tels que les ad\u00e9novirus, les polyoma virus SV 40, les norovirus).<\/p>\n","protected":false},"excerpt":{"rendered":"<p>Solution utilisable \u00e0 action rapide pour la d\u00e9sinfection et le nettoyage des surfaces.<\/p>\n","protected":false},"featured_media":40593,"comment_status":"open","ping_status":"closed","template":"","meta":{"_acf_changed":false},"product_brand":[],"product_cat":[1446,4765,4143],"product_tag":[4149],"class_list":{"0":"post-39847","1":"product","2":"type-product","3":"status-publish","4":"has-post-thumbnail","6":"product_cat-hygiene-desinfection-fr","7":"product_cat-matriel-de-pratique","8":"product_cat-nettoyage-desinfection-nettoyage","9":"product_tag-surfaces","11":"first","12":"instock","13":"taxable","14":"shipping-taxable","15":"product-type-simple"},"acf":[],"_links":{"self":[{"href":"https:\/\/sundar.be\/fr\/wp-json\/wp\/v2\/product\/39847","targetHints":{"allow":["GET"]}}],"collection":[{"href":"https:\/\/sundar.be\/fr\/wp-json\/wp\/v2\/product"}],"about":[{"href":"https:\/\/sundar.be\/fr\/wp-json\/wp\/v2\/types\/product"}],"replies":[{"embeddable":true,"href":"https:\/\/sundar.be\/fr\/wp-json\/wp\/v2\/comments?post=39847"}],"wp:featuredmedia":[{"embeddable":true,"href":"https:\/\/sundar.be\/fr\/wp-json\/wp\/v2\/media\/40593"}],"wp:attachment":[{"href":"https:\/\/sundar.be\/fr\/wp-json\/wp\/v2\/media?parent=39847"}],"wp:term":[{"taxonomy":"product_brand","embeddable":true,"href":"https:\/\/sundar.be\/fr\/wp-json\/wp\/v2\/product_brand?post=39847"},{"taxonomy":"product_cat","embeddable":true,"href":"https:\/\/sundar.be\/fr\/wp-json\/wp\/v2\/product_cat?post=39847"},{"taxonomy":"product_tag","embeddable":true,"href":"https:\/\/sundar.be\/fr\/wp-json\/wp\/v2\/product_tag?post=39847"}],"curies":[{"name":"wp","href":"https:\/\/api.w.org\/{rel}","templated":true}]}}