{"id":39844,"date":"2024-09-01T07:00:51","date_gmt":"2024-09-01T05:00:51","guid":{"rendered":"https:\/\/sundar.be\/product\/durr-fd-350-lingettes-alcoolisees\/"},"modified":"2025-03-13T13:01:39","modified_gmt":"2025-03-13T12:01:39","slug":"durr-fd-350-lingettes-alcoolisees","status":"publish","type":"product","link":"https:\/\/sundar.be\/fr\/produit\/durr-fd-350-lingettes-alcoolisees\/","title":{"rendered":"Durr FD 350 Lingettes alcoolis\u00e9es"},"content":{"rendered":"<p>Lingettes impr\u00e9gn\u00e9es d&rsquo;alcool pour la d\u00e9sinfection rapide et le nettoyage des petites surfaces des dispositifs m\u00e9dicaux<\/p>\n<ul>\n<li>Bact\u00e9ricide, tubercolocide, levurocide, fongicide, virucide limit\u00e9 PLUS (virus envelopp\u00e9s, y compris HBV, HCV, HIV et coronoavirus, et ad\u00e9novirus et norovirus non envelopp\u00e9s)<\/li>\n<li>Effet d\u00e9sinfectant rapide<\/li>\n<li>S\u00e8che rapidement et sans traces<\/li>\n<\/ul>\n<p><strong>Contenu :<\/strong> 110 pi\u00e8ces<\/p>\n","protected":false},"excerpt":{"rendered":"<p>Lingettes impr\u00e9gn\u00e9es d&rsquo;alcool pour la d\u00e9sinfection rapide et le nettoyage des petites surfaces des dispositifs m\u00e9dicaux.<\/p>\n","protected":false},"featured_media":40403,"comment_status":"open","ping_status":"closed","template":"","meta":{"_acf_changed":false},"product_brand":[],"product_cat":[1446,4765,4143],"product_tag":[4149],"class_list":{"0":"post-39844","1":"product","2":"type-product","3":"status-publish","4":"has-post-thumbnail","6":"product_cat-hygiene-desinfection-fr","7":"product_cat-matriel-de-pratique","8":"product_cat-nettoyage-desinfection-nettoyage","9":"product_tag-surfaces","10":"pa_inhoud-boite-distributrice-110-pieces","11":"pa_inhoud-recharge-110-pieces","13":"first","14":"instock","15":"taxable","16":"shipping-taxable","17":"product-type-variable"},"acf":[],"_links":{"self":[{"href":"https:\/\/sundar.be\/fr\/wp-json\/wp\/v2\/product\/39844","targetHints":{"allow":["GET"]}}],"collection":[{"href":"https:\/\/sundar.be\/fr\/wp-json\/wp\/v2\/product"}],"about":[{"href":"https:\/\/sundar.be\/fr\/wp-json\/wp\/v2\/types\/product"}],"replies":[{"embeddable":true,"href":"https:\/\/sundar.be\/fr\/wp-json\/wp\/v2\/comments?post=39844"}],"wp:featuredmedia":[{"embeddable":true,"href":"https:\/\/sundar.be\/fr\/wp-json\/wp\/v2\/media\/40403"}],"wp:attachment":[{"href":"https:\/\/sundar.be\/fr\/wp-json\/wp\/v2\/media?parent=39844"}],"wp:term":[{"taxonomy":"product_brand","embeddable":true,"href":"https:\/\/sundar.be\/fr\/wp-json\/wp\/v2\/product_brand?post=39844"},{"taxonomy":"product_cat","embeddable":true,"href":"https:\/\/sundar.be\/fr\/wp-json\/wp\/v2\/product_cat?post=39844"},{"taxonomy":"product_tag","embeddable":true,"href":"https:\/\/sundar.be\/fr\/wp-json\/wp\/v2\/product_tag?post=39844"}],"curies":[{"name":"wp","href":"https:\/\/api.w.org\/{rel}","templated":true}]}}