{"id":39835,"date":"2024-09-01T07:00:47","date_gmt":"2024-09-22T14:44:17","guid":{"rendered":"https:\/\/sundar.be\/product\/barbicide-ship-shape-nettoyant-de-salon-1000-ml\/"},"modified":"2025-03-13T13:11:51","modified_gmt":"2025-03-13T12:11:51","slug":"barbicide-ship-shape-nettoyant-de-salon-1000-ml","status":"publish","type":"product","link":"https:\/\/sundar.be\/fr\/produit\/barbicide-ship-shape-nettoyant-de-salon-1000-ml\/","title":{"rendered":"Barbicide Ship Shape nettoyant de salon, 1000 ml"},"content":{"rendered":"<p>Le nettoyeur professionnel de salon. Depuis plus de 60 ans aux \u00c9tats-Unis.<\/p>\n<ul>\n<li>\u00c9limine la laque des fauteuils de coiffeur, des miroirs (sans traces), des outils de coiffure et des surfaces de travail.<\/li>\n<li>Nettoie les peignes, les brosses, les \u00e9viers et bien plus encore.<\/li>\n<li>Les \u00e9claboussures sur une lampe loupe (technique sans mouillage).<\/li>\n<li>Les taches sur les bouches de ventilation\/\u00e9vacuation des tables de manucure (acrylique), ainsi que les salissures sur les fauteuils d&rsquo;esth\u00e9tique (pensez par exemple au rev\u00eatement blanc).<\/li>\n<\/ul>\n","protected":false},"excerpt":{"rendered":"<p>Le nettoyeur professionnel de salon.<\/p>\n","protected":false},"featured_media":40447,"comment_status":"open","ping_status":"closed","template":"","meta":{"_acf_changed":false},"product_brand":[],"product_cat":[1446,4765,4143],"product_tag":[4149],"class_list":{"0":"post-39835","1":"product","2":"type-product","3":"status-publish","4":"has-post-thumbnail","6":"product_cat-hygiene-desinfection-fr","7":"product_cat-matriel-de-pratique","8":"product_cat-nettoyage-desinfection-nettoyage","9":"product_tag-surfaces","11":"first","12":"instock","13":"taxable","14":"shipping-taxable","15":"product-type-simple"},"acf":[],"_links":{"self":[{"href":"https:\/\/sundar.be\/fr\/wp-json\/wp\/v2\/product\/39835","targetHints":{"allow":["GET"]}}],"collection":[{"href":"https:\/\/sundar.be\/fr\/wp-json\/wp\/v2\/product"}],"about":[{"href":"https:\/\/sundar.be\/fr\/wp-json\/wp\/v2\/types\/product"}],"replies":[{"embeddable":true,"href":"https:\/\/sundar.be\/fr\/wp-json\/wp\/v2\/comments?post=39835"}],"wp:featuredmedia":[{"embeddable":true,"href":"https:\/\/sundar.be\/fr\/wp-json\/wp\/v2\/media\/40447"}],"wp:attachment":[{"href":"https:\/\/sundar.be\/fr\/wp-json\/wp\/v2\/media?parent=39835"}],"wp:term":[{"taxonomy":"product_brand","embeddable":true,"href":"https:\/\/sundar.be\/fr\/wp-json\/wp\/v2\/product_brand?post=39835"},{"taxonomy":"product_cat","embeddable":true,"href":"https:\/\/sundar.be\/fr\/wp-json\/wp\/v2\/product_cat?post=39835"},{"taxonomy":"product_tag","embeddable":true,"href":"https:\/\/sundar.be\/fr\/wp-json\/wp\/v2\/product_tag?post=39835"}],"curies":[{"name":"wp","href":"https:\/\/api.w.org\/{rel}","templated":true}]}}