{"id":39829,"date":"2024-09-01T07:00:53","date_gmt":"2024-09-01T05:00:53","guid":{"rendered":"https:\/\/sundar.be\/product\/azo-wipe\/"},"modified":"2025-03-13T13:01:43","modified_gmt":"2025-03-13T12:01:43","slug":"azo-wipe","status":"publish","type":"product","link":"https:\/\/sundar.be\/fr\/produit\/azo-wipe\/","title":{"rendered":"AZO Wipe"},"content":{"rendered":"<p>Lingettes impr\u00e9gn\u00e9es non pelucheuses \u00e0 base d\u2019alcool isopropanol \u00e0 70 %. Pour d\u00e9sinfecter les petites surfaces telles que les meubles, entre autres. <\/p>\n<p>Une lingette a une taille de 13\u00d718 cm. Conditionn\u00e9es par 100 ou 200 dans un distributeur pratique. <\/p>\n","protected":false},"excerpt":{"rendered":"<p>Azowipe sont des lingettes impr\u00e9gn\u00e9es d&rsquo;alcool isopropylique \u00e0 70%.<\/p>\n","protected":false},"featured_media":40393,"comment_status":"open","ping_status":"closed","template":"","meta":{"_acf_changed":false},"product_brand":[],"product_cat":[1446,4765,4143],"product_tag":[4149],"class_list":{"0":"post-39829","1":"product","2":"type-product","3":"status-publish","4":"has-post-thumbnail","6":"product_cat-hygiene-desinfection-fr","7":"product_cat-matriel-de-pratique","8":"product_cat-nettoyage-desinfection-nettoyage","9":"product_tag-surfaces","10":"pa_inhoud-grand-200-pieces","11":"pa_inhoud-petit-100-pieces","13":"first","14":"instock","15":"taxable","16":"shipping-taxable","17":"product-type-variable"},"acf":[],"_links":{"self":[{"href":"https:\/\/sundar.be\/fr\/wp-json\/wp\/v2\/product\/39829","targetHints":{"allow":["GET"]}}],"collection":[{"href":"https:\/\/sundar.be\/fr\/wp-json\/wp\/v2\/product"}],"about":[{"href":"https:\/\/sundar.be\/fr\/wp-json\/wp\/v2\/types\/product"}],"replies":[{"embeddable":true,"href":"https:\/\/sundar.be\/fr\/wp-json\/wp\/v2\/comments?post=39829"}],"wp:featuredmedia":[{"embeddable":true,"href":"https:\/\/sundar.be\/fr\/wp-json\/wp\/v2\/media\/40393"}],"wp:attachment":[{"href":"https:\/\/sundar.be\/fr\/wp-json\/wp\/v2\/media?parent=39829"}],"wp:term":[{"taxonomy":"product_brand","embeddable":true,"href":"https:\/\/sundar.be\/fr\/wp-json\/wp\/v2\/product_brand?post=39829"},{"taxonomy":"product_cat","embeddable":true,"href":"https:\/\/sundar.be\/fr\/wp-json\/wp\/v2\/product_cat?post=39829"},{"taxonomy":"product_tag","embeddable":true,"href":"https:\/\/sundar.be\/fr\/wp-json\/wp\/v2\/product_tag?post=39829"}],"curies":[{"name":"wp","href":"https:\/\/api.w.org\/{rel}","templated":true}]}}