{"id":39823,"date":"2024-09-01T07:00:43","date_gmt":"2024-09-01T05:00:43","guid":{"rendered":"https:\/\/sundar.be\/product\/alcohol-70\/"},"modified":"2025-04-21T00:01:43","modified_gmt":"2025-04-20T22:01:43","slug":"alcohol-70","status":"publish","type":"product","link":"https:\/\/sundar.be\/fr\/produit\/alcohol-70\/","title":{"rendered":"Alcohol Podior 70%"},"content":{"rendered":"<p>Alcohol 70% 1000ml Podior est un d\u00e9sinfectant polyvalent homologu\u00e9, efficace pour d\u00e9sinfecter les petites surfaces, la peau (intacte), les instruments et le mat\u00e9riel. Il ne convient pas aux plaies ouvertes ni aux personnes souffrant d\u2019une intol\u00e9rance \u00e0 l\u2019alcool. L\u2019alcool \u00e0 80 % est recommand\u00e9 pour la d\u00e9sinfection des grandes surfaces*, de la peau (intacte) et des instruments. Les alcools 70 et 80 % sont pr\u00eats \u00e0 l\u2019emploi, \u00e0 base d\u2019alcool \u00e9thylique d\u00e9natur\u00e9, et sont disponibles en flacon (1 litre) ou en jerrycan (5 litres).  <\/p>\n<p>Ils conviennent \u00e0 la d\u00e9sinfection de surfaces allant jusqu\u2019\u00e0 0,5 m2, \u00e0 l\u2019exclusion des surfaces susceptibles d\u2019entrer en contact avec des aliments et des boissons.<\/p>\n","protected":false},"excerpt":{"rendered":"<p>Alcohol 70% 1000ml Podior est un d\u00e9sinfectant polyvalent homologu\u00e9, efficace pour d\u00e9sinfecter les petites surfaces, la peau (intacte), les instruments et le mat\u00e9riel.<\/p>\n","protected":false},"featured_media":40467,"comment_status":"open","ping_status":"closed","template":"","meta":{"_acf_changed":false},"product_brand":[],"product_cat":[4141,1446,4765,4143],"product_tag":[4149],"class_list":{"0":"post-39823","1":"product","2":"type-product","3":"status-publish","4":"has-post-thumbnail","6":"product_cat-nettoyage-desinfection-desinfection","7":"product_cat-hygiene-desinfection-fr","8":"product_cat-matriel-de-pratique","9":"product_cat-nettoyage-desinfection-nettoyage","10":"product_tag-surfaces","11":"pa_inhoud-1000-ml-fr","12":"pa_inhoud-5000-ml-fr","14":"first","15":"instock","16":"taxable","17":"shipping-taxable","18":"product-type-variable"},"acf":[],"_links":{"self":[{"href":"https:\/\/sundar.be\/fr\/wp-json\/wp\/v2\/product\/39823","targetHints":{"allow":["GET"]}}],"collection":[{"href":"https:\/\/sundar.be\/fr\/wp-json\/wp\/v2\/product"}],"about":[{"href":"https:\/\/sundar.be\/fr\/wp-json\/wp\/v2\/types\/product"}],"replies":[{"embeddable":true,"href":"https:\/\/sundar.be\/fr\/wp-json\/wp\/v2\/comments?post=39823"}],"wp:featuredmedia":[{"embeddable":true,"href":"https:\/\/sundar.be\/fr\/wp-json\/wp\/v2\/media\/40467"}],"wp:attachment":[{"href":"https:\/\/sundar.be\/fr\/wp-json\/wp\/v2\/media?parent=39823"}],"wp:term":[{"taxonomy":"product_brand","embeddable":true,"href":"https:\/\/sundar.be\/fr\/wp-json\/wp\/v2\/product_brand?post=39823"},{"taxonomy":"product_cat","embeddable":true,"href":"https:\/\/sundar.be\/fr\/wp-json\/wp\/v2\/product_cat?post=39823"},{"taxonomy":"product_tag","embeddable":true,"href":"https:\/\/sundar.be\/fr\/wp-json\/wp\/v2\/product_tag?post=39823"}],"curies":[{"name":"wp","href":"https:\/\/api.w.org\/{rel}","templated":true}]}}