{"id":39793,"date":"2024-09-01T07:00:25","date_gmt":"2024-09-22T14:22:16","guid":{"rendered":"https:\/\/sundar.be\/product\/incidin-active\/"},"modified":"2025-03-13T13:44:24","modified_gmt":"2025-03-13T12:44:24","slug":"incidin-active","status":"publish","type":"product","link":"https:\/\/sundar.be\/fr\/produit\/incidin-active\/","title":{"rendered":"Incidin Active"},"content":{"rendered":"<p>Nettoyant et d\u00e9sinfectant sporicide pour surfaces sous forme de poudre. Concentr\u00e9 en poudre pour une d\u00e9sinfection de surface rapide et efficace contre les spores, des dispositifs m\u00e9dicaux et tous types de surfaces lisses. Bact\u00e9ricide, levurocidal, mycobact\u00e9ricide, fongicide, virucide selon les recommandations de l&rsquo;RKI 01\/2004 (DVV 2008) et sporicide. Temps d&rsquo;exposition courts \u00e0 faibles concentrations, avec une compatibilit\u00e9 \u00e9lev\u00e9e des mat\u00e9riaux gr\u00e2ce au syst\u00e8me unique de m\u00e9dicaments proxy Balance\u00ae. Mentionn\u00e9 par l&rsquo;RKI (A, B).    <\/p>\n","protected":false},"excerpt":{"rendered":"<div class=\"score-hero-body\">\n<p>Poudre concentr\u00e9e pour un nettoyage et une d\u00e9sinfection puissants, m\u00eame dans les zones \u00e0 risque.<\/p>\n<\/div>\n","protected":false},"featured_media":40543,"comment_status":"open","ping_status":"closed","template":"","meta":{"_acf_changed":false},"product_brand":[],"product_cat":[1446,4765,4143],"product_tag":[4149],"class_list":{"0":"post-39793","1":"product","2":"type-product","3":"status-publish","4":"has-post-thumbnail","6":"product_cat-hygiene-desinfection-fr","7":"product_cat-matriel-de-pratique","8":"product_cat-nettoyage-desinfection-nettoyage","9":"product_tag-surfaces","10":"pa_inhoud-1500-gram-fr","11":"pa_inhoud-160-gram-fr","13":"first","14":"instock","15":"taxable","16":"shipping-taxable","17":"product-type-variable"},"acf":[],"_links":{"self":[{"href":"https:\/\/sundar.be\/fr\/wp-json\/wp\/v2\/product\/39793","targetHints":{"allow":["GET"]}}],"collection":[{"href":"https:\/\/sundar.be\/fr\/wp-json\/wp\/v2\/product"}],"about":[{"href":"https:\/\/sundar.be\/fr\/wp-json\/wp\/v2\/types\/product"}],"replies":[{"embeddable":true,"href":"https:\/\/sundar.be\/fr\/wp-json\/wp\/v2\/comments?post=39793"}],"wp:featuredmedia":[{"embeddable":true,"href":"https:\/\/sundar.be\/fr\/wp-json\/wp\/v2\/media\/40543"}],"wp:attachment":[{"href":"https:\/\/sundar.be\/fr\/wp-json\/wp\/v2\/media?parent=39793"}],"wp:term":[{"taxonomy":"product_brand","embeddable":true,"href":"https:\/\/sundar.be\/fr\/wp-json\/wp\/v2\/product_brand?post=39793"},{"taxonomy":"product_cat","embeddable":true,"href":"https:\/\/sundar.be\/fr\/wp-json\/wp\/v2\/product_cat?post=39793"},{"taxonomy":"product_tag","embeddable":true,"href":"https:\/\/sundar.be\/fr\/wp-json\/wp\/v2\/product_tag?post=39793"}],"curies":[{"name":"wp","href":"https:\/\/api.w.org\/{rel}","templated":true}]}}