{"id":39776,"date":"2024-09-01T07:00:34","date_gmt":"2024-09-01T05:00:34","guid":{"rendered":"https:\/\/sundar.be\/product\/appareil-a-ultrasons-1400-ml\/"},"modified":"2025-08-04T14:20:33","modified_gmt":"2025-08-04T12:20:33","slug":"appareil-a-ultrasons-1400-ml","status":"publish","type":"product","link":"https:\/\/sundar.be\/fr\/produit\/appareil-a-ultrasons-1400-ml\/","title":{"rendered":"Appareil \u00e0 ultrasons 1400 ml"},"content":{"rendered":"<p>Nettoyeur \u00e0 ultrasons avec un grand r\u00e9servoir, adapt\u00e9 \u00e0 plusieurs ensembles \u00e0 la fois.<\/p>\n<ul>\n<li>Dimensions de l&rsquo;appareil : 222 x 183 x 157 mm<\/li>\n<li>Dimensions du panier int\u00e9rieur : 17 cm x 14 cm x 6 cm (L x L x H)<\/li>\n<li>Fr\u00e9quence de nettoyage de 42KHz<\/li>\n<li>70 watts<\/li>\n<li>Dur\u00e9e de nettoyage par d\u00e9faut : Pr\u00e9r\u00e9gl\u00e9e \u00e0 180 secondes, mais peut \u00eatre r\u00e9gl\u00e9e \u00e0 l&rsquo;aide du bouton SET.<\/li>\n<\/ul>\n","protected":false},"excerpt":{"rendered":"<p>Appareil \u00e0 ultrasons d&rsquo;une capacit\u00e9 de 1400 ml.<\/p>\n","protected":false},"featured_media":40493,"comment_status":"open","ping_status":"closed","template":"","meta":{"_acf_changed":false},"product_brand":[],"product_cat":[4945,4769,5610],"product_tag":[4135],"class_list":{"0":"post-39776","1":"product","2":"type-product","3":"status-publish","4":"has-post-thumbnail","6":"product_cat-amenagement-institut-webshop-fr","7":"product_cat-amenagement-appareils","8":"product_cat-nettoyeur-ultrasonique","9":"product_tag-ultrasonique","11":"first","12":"instock","13":"taxable","14":"shipping-taxable","15":"product-type-simple"},"acf":[],"_links":{"self":[{"href":"https:\/\/sundar.be\/fr\/wp-json\/wp\/v2\/product\/39776","targetHints":{"allow":["GET"]}}],"collection":[{"href":"https:\/\/sundar.be\/fr\/wp-json\/wp\/v2\/product"}],"about":[{"href":"https:\/\/sundar.be\/fr\/wp-json\/wp\/v2\/types\/product"}],"replies":[{"embeddable":true,"href":"https:\/\/sundar.be\/fr\/wp-json\/wp\/v2\/comments?post=39776"}],"wp:featuredmedia":[{"embeddable":true,"href":"https:\/\/sundar.be\/fr\/wp-json\/wp\/v2\/media\/40493"}],"wp:attachment":[{"href":"https:\/\/sundar.be\/fr\/wp-json\/wp\/v2\/media?parent=39776"}],"wp:term":[{"taxonomy":"product_brand","embeddable":true,"href":"https:\/\/sundar.be\/fr\/wp-json\/wp\/v2\/product_brand?post=39776"},{"taxonomy":"product_cat","embeddable":true,"href":"https:\/\/sundar.be\/fr\/wp-json\/wp\/v2\/product_cat?post=39776"},{"taxonomy":"product_tag","embeddable":true,"href":"https:\/\/sundar.be\/fr\/wp-json\/wp\/v2\/product_tag?post=39776"}],"curies":[{"name":"wp","href":"https:\/\/api.w.org\/{rel}","templated":true}]}}