{"id":39769,"date":"2024-09-01T07:00:56","date_gmt":"2024-09-01T05:00:56","guid":{"rendered":"https:\/\/sundar.be\/product\/podisan-1000ml\/"},"modified":"2025-08-04T14:07:46","modified_gmt":"2025-08-04T12:07:46","slug":"podisan-1000ml","status":"publish","type":"product","link":"https:\/\/sundar.be\/fr\/produit\/podisan-1000ml\/","title":{"rendered":"Podisan, 1000ml"},"content":{"rendered":"<p>Podisan est un liquide d\u00e9sinfectant pour le nettoyage des instruments, surfaces et \u00e9quipements. Il convient \u00e9galement comme solution d\u2019inactivation. Podisan est biod\u00e9gradable. Le temps de contact minimal est de 5 minutes. Tr\u00e8s adapt\u00e9 \u00e0 une utilisation avec un appareil \u00e0 ultrasons.    <\/p>\n<p>La pulv\u00e9risation de Podisan est <strong>interdite<\/strong>.<\/p>\n<p>Apr\u00e8s utilisation, rincez les instruments \u00e0 l\u2019eau puis d\u00e9sinfectez-les avec de l\u2019alcool Podior 80%.<\/p>\n<p><strong>Num\u00e9ro d\u2019autorisation : <\/strong>12044N \u2013 4014B, approuv\u00e9 par le Ctgb.<\/p>\n","protected":false},"excerpt":{"rendered":"<p>Podisan convient \u00e0 la d\u00e9sinfection des surfaces, du mat\u00e9riel et des instruments. Podisan convient \u00e9galement au traitement par ultrasons. <\/p>\n","protected":false},"featured_media":40372,"comment_status":"open","ping_status":"closed","template":"","meta":{"_acf_changed":false},"product_brand":[],"product_cat":[4945,1446,4133,4765,4143],"product_tag":[4135],"class_list":{"0":"post-39769","1":"product","2":"type-product","3":"status-publish","4":"has-post-thumbnail","6":"product_cat-amenagement-institut-webshop-fr","7":"product_cat-hygiene-desinfection-fr","8":"product_cat-nettoyage-desinfection-ultrasonique","9":"product_cat-matriel-de-pratique","10":"product_cat-nettoyage-desinfection-nettoyage","11":"product_tag-ultrasonique","13":"first","14":"instock","15":"taxable","16":"shipping-taxable","17":"product-type-simple"},"acf":[],"_links":{"self":[{"href":"https:\/\/sundar.be\/fr\/wp-json\/wp\/v2\/product\/39769","targetHints":{"allow":["GET"]}}],"collection":[{"href":"https:\/\/sundar.be\/fr\/wp-json\/wp\/v2\/product"}],"about":[{"href":"https:\/\/sundar.be\/fr\/wp-json\/wp\/v2\/types\/product"}],"replies":[{"embeddable":true,"href":"https:\/\/sundar.be\/fr\/wp-json\/wp\/v2\/comments?post=39769"}],"wp:featuredmedia":[{"embeddable":true,"href":"https:\/\/sundar.be\/fr\/wp-json\/wp\/v2\/media\/40372"}],"wp:attachment":[{"href":"https:\/\/sundar.be\/fr\/wp-json\/wp\/v2\/media?parent=39769"}],"wp:term":[{"taxonomy":"product_brand","embeddable":true,"href":"https:\/\/sundar.be\/fr\/wp-json\/wp\/v2\/product_brand?post=39769"},{"taxonomy":"product_cat","embeddable":true,"href":"https:\/\/sundar.be\/fr\/wp-json\/wp\/v2\/product_cat?post=39769"},{"taxonomy":"product_tag","embeddable":true,"href":"https:\/\/sundar.be\/fr\/wp-json\/wp\/v2\/product_tag?post=39769"}],"curies":[{"name":"wp","href":"https:\/\/api.w.org\/{rel}","templated":true}]}}