{"id":39765,"date":"2024-09-01T07:00:08","date_gmt":"2024-09-01T05:00:08","guid":{"rendered":"https:\/\/sundar.be\/product\/gigasept-instru-af-2l\/"},"modified":"2025-08-04T14:27:26","modified_gmt":"2025-08-04T12:27:26","slug":"gigasept-instru-af-2l","status":"publish","type":"product","link":"https:\/\/sundar.be\/fr\/produit\/gigasept-instru-af-2l\/","title":{"rendered":"Gigasept Instru AF, 2L"},"content":{"rendered":"<p>Gigasept Instru AF d\u00e9sinfectant pour instruments 2 litres Gigasept Instru AF est une pr\u00e9paration combin\u00e9e sans ald\u00e9hyde pour le pr\u00e9-nettoyage d\u00e9sinfectant manuel ou la d\u00e9sinfection manuelle de tous types d&rsquo;instruments (\u00e0 l&rsquo;exception des endoscopes flexibles). Le d\u00e9sinfectant pour instruments Gigasept se distingue par son large spectre d&rsquo;action, sa bonne compatibilit\u00e9 avec les mat\u00e9riaux et ses performances de nettoyage am\u00e9lior\u00e9es. <\/p>\n","protected":false},"excerpt":{"rendered":"<p>Pr\u00e9paration combin\u00e9e sans ald\u00e9hyde pour la d\u00e9sinfection et le nettoyage des instruments m\u00e9dicaux.<\/p>\n","protected":false},"featured_media":40616,"comment_status":"open","ping_status":"closed","template":"","meta":{"_acf_changed":false},"product_brand":[],"product_cat":[4945,1446,4133,4765],"product_tag":[4135],"class_list":{"0":"post-39765","1":"product","2":"type-product","3":"status-publish","4":"has-post-thumbnail","6":"product_cat-amenagement-institut-webshop-fr","7":"product_cat-hygiene-desinfection-fr","8":"product_cat-nettoyage-desinfection-ultrasonique","9":"product_cat-matriel-de-pratique","10":"product_tag-ultrasonique","12":"first","13":"instock","14":"taxable","15":"shipping-taxable","16":"product-type-simple"},"acf":[],"_links":{"self":[{"href":"https:\/\/sundar.be\/fr\/wp-json\/wp\/v2\/product\/39765","targetHints":{"allow":["GET"]}}],"collection":[{"href":"https:\/\/sundar.be\/fr\/wp-json\/wp\/v2\/product"}],"about":[{"href":"https:\/\/sundar.be\/fr\/wp-json\/wp\/v2\/types\/product"}],"replies":[{"embeddable":true,"href":"https:\/\/sundar.be\/fr\/wp-json\/wp\/v2\/comments?post=39765"}],"wp:featuredmedia":[{"embeddable":true,"href":"https:\/\/sundar.be\/fr\/wp-json\/wp\/v2\/media\/40616"}],"wp:attachment":[{"href":"https:\/\/sundar.be\/fr\/wp-json\/wp\/v2\/media?parent=39765"}],"wp:term":[{"taxonomy":"product_brand","embeddable":true,"href":"https:\/\/sundar.be\/fr\/wp-json\/wp\/v2\/product_brand?post=39765"},{"taxonomy":"product_cat","embeddable":true,"href":"https:\/\/sundar.be\/fr\/wp-json\/wp\/v2\/product_cat?post=39765"},{"taxonomy":"product_tag","embeddable":true,"href":"https:\/\/sundar.be\/fr\/wp-json\/wp\/v2\/product_tag?post=39765"}],"curies":[{"name":"wp","href":"https:\/\/api.w.org\/{rel}","templated":true}]}}