{"id":39760,"date":"2024-09-01T07:00:59","date_gmt":"2024-09-01T05:00:59","guid":{"rendered":"https:\/\/sundar.be\/product\/durr-id-220-2-5l\/"},"modified":"2025-08-04T14:04:25","modified_gmt":"2025-08-04T12:04:25","slug":"durr-id-220-2-5l","status":"publish","type":"product","link":"https:\/\/sundar.be\/fr\/produit\/durr-id-220-2-5l\/","title":{"rendered":"Durr ID 220, 2.5L"},"content":{"rendered":"<p>Solution pr\u00eate \u00e0 l&#8217;emploi, enti\u00e8rement virucide, pour le nettoyage et la d\u00e9sinfection des instruments rotatifs<\/p>\n<ul>\n<li>Bact\u00e9ricide, mycobact\u00e9ricide, tuberculocide, levurocide, fongicide, virucide<\/li>\n<li>(directive DVV\/RKI ainsi que EN 14476 et EN 17111)<\/li>\n<li>Puissance de nettoyage exceptionnelle, en particulier pour les structures fines des <strong>fraises<\/strong><\/li>\n<li>Excellente protection contre la corrosion et longue dur\u00e9e de vie en pot de 7 jours<\/li>\n<li>Temps de trempage tr\u00e8s courts<\/li>\n<\/ul>\n","protected":false},"excerpt":{"rendered":"<p>Bain pour la d\u00e9sinfection et le nettoyage simultan\u00e9s des fraises, des instruments rotatifs dans le porte-fraise ou dans le nettoyeur \u00e0 ultrasons.<\/p>\n","protected":false},"featured_media":40368,"comment_status":"open","ping_status":"closed","template":"","meta":{"_acf_changed":false},"product_brand":[],"product_cat":[4945,1446,4133,4765],"product_tag":[4135],"class_list":{"0":"post-39760","1":"product","2":"type-product","3":"status-publish","4":"has-post-thumbnail","6":"product_cat-amenagement-institut-webshop-fr","7":"product_cat-hygiene-desinfection-fr","8":"product_cat-nettoyage-desinfection-ultrasonique","9":"product_cat-matriel-de-pratique","10":"product_tag-ultrasonique","12":"first","13":"instock","14":"taxable","15":"shipping-taxable","16":"product-type-simple"},"acf":[],"_links":{"self":[{"href":"https:\/\/sundar.be\/fr\/wp-json\/wp\/v2\/product\/39760","targetHints":{"allow":["GET"]}}],"collection":[{"href":"https:\/\/sundar.be\/fr\/wp-json\/wp\/v2\/product"}],"about":[{"href":"https:\/\/sundar.be\/fr\/wp-json\/wp\/v2\/types\/product"}],"replies":[{"embeddable":true,"href":"https:\/\/sundar.be\/fr\/wp-json\/wp\/v2\/comments?post=39760"}],"wp:featuredmedia":[{"embeddable":true,"href":"https:\/\/sundar.be\/fr\/wp-json\/wp\/v2\/media\/40368"}],"wp:attachment":[{"href":"https:\/\/sundar.be\/fr\/wp-json\/wp\/v2\/media?parent=39760"}],"wp:term":[{"taxonomy":"product_brand","embeddable":true,"href":"https:\/\/sundar.be\/fr\/wp-json\/wp\/v2\/product_brand?post=39760"},{"taxonomy":"product_cat","embeddable":true,"href":"https:\/\/sundar.be\/fr\/wp-json\/wp\/v2\/product_cat?post=39760"},{"taxonomy":"product_tag","embeddable":true,"href":"https:\/\/sundar.be\/fr\/wp-json\/wp\/v2\/product_tag?post=39760"}],"curies":[{"name":"wp","href":"https:\/\/api.w.org\/{rel}","templated":true}]}}