{"id":39756,"date":"2024-09-01T07:00:02","date_gmt":"2024-09-01T05:00:02","guid":{"rendered":"https:\/\/sundar.be\/product\/durr-id-212-2-5l\/"},"modified":"2025-08-04T14:32:29","modified_gmt":"2025-08-04T12:32:29","slug":"durr-id-212-2-5l","status":"publish","type":"product","link":"https:\/\/sundar.be\/fr\/produit\/durr-id-212-2-5l\/","title":{"rendered":"Durr ID 212, 2.5L"},"content":{"rendered":"<p>Concentr\u00e9 pour le nettoyage et la d\u00e9sinfection des instruments avec une bonne compatibilit\u00e9 avec les mat\u00e9riaux<\/p>\n<ul>\n<li>Bact\u00e9ricide, tuberculocide, levurocide en syst\u00e8me ultrasonique, levurocide, virucide limit\u00e9 (virus envelopp\u00e9s y compris HBV, HCV, HIV et coronavirus) et ad\u00e9novirus et norovirus non envelopp\u00e9s.<\/li>\n<li>Convient aux instruments g\u00e9n\u00e9raux, chirurgicaux et rotatifs<\/li>\n<li>Temps de trempage tr\u00e8s court<\/li>\n<li>Excellente compatibilit\u00e9 avec les instruments en caoutchouc\/silicone<\/li>\n<\/ul>\n<p>Substances actives : compos\u00e9s d\u2019ammonium quaternaire<\/p>\n<p>Convient \u00e9galement pour le bain \u00e0 ultrasons.<\/p>\n","protected":false},"excerpt":{"rendered":"<p>Concentr\u00e9 pour la d\u00e9sinfection et le nettoyage des instruments, en particulier des instruments rotatifs sensibles aux alcalis et \u00e0 l&rsquo;alcool.<\/p>\n","protected":false},"featured_media":40646,"comment_status":"open","ping_status":"closed","template":"","meta":{"_acf_changed":false},"product_brand":[],"product_cat":[4945,1446,4133,4765],"product_tag":[4135],"class_list":{"0":"post-39756","1":"product","2":"type-product","3":"status-publish","4":"has-post-thumbnail","6":"product_cat-amenagement-institut-webshop-fr","7":"product_cat-hygiene-desinfection-fr","8":"product_cat-nettoyage-desinfection-ultrasonique","9":"product_cat-matriel-de-pratique","10":"product_tag-ultrasonique","12":"first","13":"instock","14":"taxable","15":"shipping-taxable","16":"product-type-simple"},"acf":[],"_links":{"self":[{"href":"https:\/\/sundar.be\/fr\/wp-json\/wp\/v2\/product\/39756","targetHints":{"allow":["GET"]}}],"collection":[{"href":"https:\/\/sundar.be\/fr\/wp-json\/wp\/v2\/product"}],"about":[{"href":"https:\/\/sundar.be\/fr\/wp-json\/wp\/v2\/types\/product"}],"replies":[{"embeddable":true,"href":"https:\/\/sundar.be\/fr\/wp-json\/wp\/v2\/comments?post=39756"}],"wp:featuredmedia":[{"embeddable":true,"href":"https:\/\/sundar.be\/fr\/wp-json\/wp\/v2\/media\/40646"}],"wp:attachment":[{"href":"https:\/\/sundar.be\/fr\/wp-json\/wp\/v2\/media?parent=39756"}],"wp:term":[{"taxonomy":"product_brand","embeddable":true,"href":"https:\/\/sundar.be\/fr\/wp-json\/wp\/v2\/product_brand?post=39756"},{"taxonomy":"product_cat","embeddable":true,"href":"https:\/\/sundar.be\/fr\/wp-json\/wp\/v2\/product_cat?post=39756"},{"taxonomy":"product_tag","embeddable":true,"href":"https:\/\/sundar.be\/fr\/wp-json\/wp\/v2\/product_tag?post=39756"}],"curies":[{"name":"wp","href":"https:\/\/api.w.org\/{rel}","templated":true}]}}