{"id":39733,"date":"2024-09-22T15:10:49","date_gmt":"2024-09-22T13:10:49","guid":{"rendered":"https:\/\/sundar.be\/product\/tetes-de-broyage-violets-supports\/"},"modified":"2025-03-13T12:53:34","modified_gmt":"2025-03-13T11:53:34","slug":"tetes-de-broyage-violets-supports","status":"publish","type":"product","link":"https:\/\/sundar.be\/fr\/produit\/tetes-de-broyage-violets-supports\/","title":{"rendered":"T\u00eates de Broyage Violets + Supports"},"content":{"rendered":"<p>Les capuchons de pon\u00e7age violets repr\u00e9sentent la m\u00e9thode traditionnelle pour le traitement des callosit\u00e9s.<br \/>Malgr\u00e9 la large gamme de fraises diamant\u00e9es disponibles, les capuchons de pon\u00e7age restent un produit tr\u00e8s appr\u00e9ci\u00e9. <\/p>\n<p>Le changement de couleur assure une protection de la peau. Il est particuli\u00e8rement adapt\u00e9 aux diab\u00e9tiques, qui souffrent parfois d\u2019une r\u00e9duction de la perception de la temp\u00e9rature et de la douleur (neuropathie) au niveau des pieds. Le capuchon de pon\u00e7age THERMO, dot\u00e9 d\u2019une technologie de pointe, r\u00e9duit ce risque au minimum.  <\/p>\n<p>\u00c0 utiliser en combinaison avec un support de capuchon de pon\u00e7age.<\/p>\n<p><strong>Disponibles en diff\u00e9rentes tailles, formes, grosseurs et couleurs. <\/strong><\/p>\n<ul>\n<li>Tailles : 5mm, 7mm, 10mm et 13mm<\/li>\n<li>Formes : Sph\u00e9rique et pointue<\/li>\n<li>Grossi\u00e8ret\u00e9 : Grossi\u00e8re, moyenne et fine<\/li>\n<li>Couleurs : orange, violet et marron<\/li>\n<\/ul>\n<p>Chaque couleur a ses propres applications et des supports de t\u00eates de broyage diff\u00e9rents sont disponibles pour chaque couleur.<\/p>\n<ul>\n<li>Grossier = grain abrasif 80<\/li>\n<li>Moyen = grain abrasif 120<\/li>\n<li>Fin = grain abrasif 150<\/li>\n<\/ul>\n","protected":false},"excerpt":{"rendered":"<p>T\u00eates de Broyage Violets + Supports<\/p>\n","protected":false},"featured_media":39731,"comment_status":"open","ping_status":"closed","template":"","meta":{"_acf_changed":false},"product_brand":[],"product_cat":[1626,4059,4765,4061],"product_tag":[3472],"class_list":{"0":"post-39733","1":"product","2":"type-product","3":"status-publish","4":"has-post-thumbnail","6":"product_cat-appareils-et-accessoires","7":"product_cat-units-fraises-accessoires","8":"product_cat-matriel-de-pratique","9":"product_cat-units-tetes-broyage-accessoires","10":"product_tag-fraisen-fr","11":"pa_vorm-support-de-tete-de-broyage-pointue-10mm-tete-de-broyage-violet-et-orange","12":"pa_vorm-support-de-tete-de-broyage-pointue-7mm-tete-de-broyage-violet-et-orange","13":"pa_vorm-support-de-tete-de-broyage-spherique-10mm-tete-de-broyage-violet-et-orange","14":"pa_vorm-support-de-tete-de-broyage-spherique-13mm-tete-de-broyage-violet-et-orange","15":"pa_vorm-support-de-tete-de-broyage-spherique-5mm-tete-de-broyage-violet-et-orange","16":"pa_vorm-thermo-pointu-violet-7-mm-10pcs-grossier","17":"pa_vorm-thermo-pointue-violet-10-mm-10pcs-grossier","18":"pa_vorm-thermo-violet-10-mm-10pcs-grossier","19":"pa_vorm-thermo-violet-10-mm-10pcs-moyen","20":"pa_vorm-thermo-violet-5-mm-10pcs-grossier","21":"pa_vorm-thermo-violet-7-mm-10pcs-grossier","22":"pa_vorm-thermo-violet-7-mm-10pcs-moyen","24":"first","25":"instock","26":"taxable","27":"shipping-taxable","28":"product-type-variable"},"acf":[],"_links":{"self":[{"href":"https:\/\/sundar.be\/fr\/wp-json\/wp\/v2\/product\/39733","targetHints":{"allow":["GET"]}}],"collection":[{"href":"https:\/\/sundar.be\/fr\/wp-json\/wp\/v2\/product"}],"about":[{"href":"https:\/\/sundar.be\/fr\/wp-json\/wp\/v2\/types\/product"}],"replies":[{"embeddable":true,"href":"https:\/\/sundar.be\/fr\/wp-json\/wp\/v2\/comments?post=39733"}],"wp:featuredmedia":[{"embeddable":true,"href":"https:\/\/sundar.be\/fr\/wp-json\/wp\/v2\/media\/39731"}],"wp:attachment":[{"href":"https:\/\/sundar.be\/fr\/wp-json\/wp\/v2\/media?parent=39733"}],"wp:term":[{"taxonomy":"product_brand","embeddable":true,"href":"https:\/\/sundar.be\/fr\/wp-json\/wp\/v2\/product_brand?post=39733"},{"taxonomy":"product_cat","embeddable":true,"href":"https:\/\/sundar.be\/fr\/wp-json\/wp\/v2\/product_cat?post=39733"},{"taxonomy":"product_tag","embeddable":true,"href":"https:\/\/sundar.be\/fr\/wp-json\/wp\/v2\/product_tag?post=39733"}],"curies":[{"name":"wp","href":"https:\/\/api.w.org\/{rel}","templated":true}]}}