{"id":39698,"date":"2024-09-01T07:00:45","date_gmt":"2024-09-01T05:00:45","guid":{"rendered":"https:\/\/sundar.be\/product\/tetes-de-broyage-brun-supports\/"},"modified":"2025-03-13T13:15:24","modified_gmt":"2025-03-13T12:15:24","slug":"tetes-de-broyage-brun-supports","status":"publish","type":"product","link":"https:\/\/sundar.be\/fr\/produit\/tetes-de-broyage-brun-supports\/","title":{"rendered":"T\u00eates de Broyage Brun + Supports"},"content":{"rendered":"<p>Capuchons de pon\u00e7age (Bruns), la m\u00e9thode traditionnelle de traitement des callosit\u00e9s. Malgr\u00e9 la large gamme de fraises diamant\u00e9es, les capuchons de pon\u00e7age restent un produit populaire. Fabriqu\u00e9s en plastique, ils peuvent \u00eatre utilis\u00e9s tant pour la technique \u00e0 sec que pour la technique humide. \u00c0 utiliser en combinaison avec un support de capuchon de pon\u00e7age.  <\/p>\n<p><strong>Disponibles en diff\u00e9rentes tailles, formes, grosseurs et couleurs. <\/strong><\/p>\n<ul>\n<li>Tailles : 5mm, 7mm, 10mm et 13mm<\/li>\n<li>Formes : Sph\u00e9rique et pointue<\/li>\n<li>Grossi\u00e8ret\u00e9 : Grossi\u00e8re, moyenne et fine<\/li>\n<li>Couleurs : orange, violet et marron<\/li>\n<\/ul>\n<p>Chaque couleur a ses propres applications et des supports de t\u00eates de broyage diff\u00e9rents sont disponibles pour chaque couleur.<\/p>\n<ul>\n<li>Grossier = grain abrasif 80<\/li>\n<li>Moyen = grain abrasif 120<\/li>\n<li>Fin = grain abrasif 150<\/li>\n<\/ul>\n","protected":false},"excerpt":{"rendered":"<p>T\u00eates de Broyage Brun + Supports<\/p>\n","protected":false},"featured_media":39696,"comment_status":"open","ping_status":"closed","template":"","meta":{"_acf_changed":false},"product_brand":[],"product_cat":[1626,4059,4765,4061],"product_tag":[3472],"class_list":{"0":"post-39698","1":"product","2":"type-product","3":"status-publish","4":"has-post-thumbnail","6":"product_cat-appareils-et-accessoires","7":"product_cat-units-fraises-accessoires","8":"product_cat-matriel-de-pratique","9":"product_cat-units-tetes-broyage-accessoires","10":"product_tag-fraisen-fr","11":"pa_vorm-tete-de-broyage-10mm-brun-spherique-grossier-10pcs-80","12":"pa_vorm-tete-de-broyage-13mm-brun-spherique-grossier-10pcs-80","13":"pa_vorm-tete-de-broyage-5mm-brun-spherique-grossier-10pcs-80","14":"pa_vorm-tete-de-broyage-spherique-10-mm-pour-brun","15":"pa_vorm-tete-de-broyage-spherique-13-mm-pour-brun","16":"pa_vorm-tete-de-broyage-spherique-5-mm-pour-brun","18":"first","19":"instock","20":"taxable","21":"shipping-taxable","22":"product-type-variable"},"acf":[],"_links":{"self":[{"href":"https:\/\/sundar.be\/fr\/wp-json\/wp\/v2\/product\/39698","targetHints":{"allow":["GET"]}}],"collection":[{"href":"https:\/\/sundar.be\/fr\/wp-json\/wp\/v2\/product"}],"about":[{"href":"https:\/\/sundar.be\/fr\/wp-json\/wp\/v2\/types\/product"}],"replies":[{"embeddable":true,"href":"https:\/\/sundar.be\/fr\/wp-json\/wp\/v2\/comments?post=39698"}],"wp:featuredmedia":[{"embeddable":true,"href":"https:\/\/sundar.be\/fr\/wp-json\/wp\/v2\/media\/39696"}],"wp:attachment":[{"href":"https:\/\/sundar.be\/fr\/wp-json\/wp\/v2\/media?parent=39698"}],"wp:term":[{"taxonomy":"product_brand","embeddable":true,"href":"https:\/\/sundar.be\/fr\/wp-json\/wp\/v2\/product_brand?post=39698"},{"taxonomy":"product_cat","embeddable":true,"href":"https:\/\/sundar.be\/fr\/wp-json\/wp\/v2\/product_cat?post=39698"},{"taxonomy":"product_tag","embeddable":true,"href":"https:\/\/sundar.be\/fr\/wp-json\/wp\/v2\/product_tag?post=39698"}],"curies":[{"name":"wp","href":"https:\/\/api.w.org\/{rel}","templated":true}]}}