{"id":39653,"date":"2024-09-01T07:00:32","date_gmt":"2024-09-01T05:00:32","guid":{"rendered":"https:\/\/sundar.be\/product\/tetes-de-broyage-orange-accessoires\/"},"modified":"2025-03-13T13:39:32","modified_gmt":"2025-03-13T12:39:32","slug":"tetes-de-broyage-orange-accessoires","status":"publish","type":"product","link":"https:\/\/sundar.be\/fr\/produit\/tetes-de-broyage-orange-accessoires\/","title":{"rendered":"T\u00eates de Broyage Orange + Accessoires"},"content":{"rendered":"<h3>T\u00eates de Broyage Orange + Accessoires<\/h3>\n<p>Capuchons de pon\u00e7age (orange), la m\u00e9thode traditionnelle de traitement des callosit\u00e9s. Malgr\u00e9 la large gamme de fraises diamant\u00e9es, les capuchons de pon\u00e7age restent un produit tr\u00e8s appr\u00e9ci\u00e9. Les capuchons Podo offrent de meilleurs r\u00e9sultats gr\u00e2ce \u00e0 leur effet anti-adh\u00e9rent (l&rsquo;effet anti-adh\u00e9sif r\u00e9duit les r\u00e9sidus de pon\u00e7age). Le capuchon orange est fabriqu\u00e9 en papier abrasif (papier et sable), poss\u00e8de un marquage CE et est \u00e9cologique. Uniquement pour la technique \u00e0 sec (aspiration). Les capuchons de pon\u00e7age sont principalement utilis\u00e9s pour l&rsquo;\u00e9limination des callosit\u00e9s excessives.      \u00c0 utiliser en combinaison avec un support de capuchon de pon\u00e7age. <strong>Disponibles en diff\u00e9rentes tailles, formes, grosseurs et couleurs. <\/strong><\/p>\n<ul>\n<li>Tailles : 5mm, 7mm, 10mm et 13mm<\/li>\n<li>Formes : Sph\u00e9rique et pointue<\/li>\n<li>Grossi\u00e8ret\u00e9 : Grossi\u00e8re, moyenne et fine<\/li>\n<li>Couleurs : orange, violet et marron<\/li>\n<\/ul>\n<p>Chaque couleur a ses propres applications et des supports de t\u00eates de broyage diff\u00e9rents sont disponibles pour chaque couleur.<\/p>\n<ul>\n<li>Grossier = grain abrasif 80<\/li>\n<li>Moyen = grain abrasif 120<\/li>\n<li>Fin = grain abrasif 150<\/li>\n<\/ul>\n","protected":false},"excerpt":{"rendered":"<p>T\u00eates de Broyage Orange + Accessoires<\/p>\n","protected":false},"featured_media":39652,"comment_status":"open","ping_status":"closed","template":"","meta":{"_acf_changed":false},"product_brand":[],"product_cat":[1626,4059,4765,4061],"product_tag":[3472],"class_list":{"0":"post-39653","1":"product","2":"type-product","3":"status-publish","4":"has-post-thumbnail","6":"product_cat-appareils-et-accessoires","7":"product_cat-units-fraises-accessoires","8":"product_cat-matriel-de-pratique","9":"product_cat-units-tetes-broyage-accessoires","10":"product_tag-fraisen-fr","11":"pa_vorm-podo-orange-10-mm-10-pcs-fin","12":"pa_vorm-podo-orange-10-mm-10pcs-grossier","13":"pa_vorm-podo-orange-10-mm-10pcs-moyen","14":"pa_vorm-podo-orange-13-mm-10pcs-grossier","15":"pa_vorm-podo-orange-5-mm-10pcs-fin","16":"pa_vorm-podo-orange-5-mm-10pcs-grossier","17":"pa_vorm-podo-orange-5-mm-10pcs-moyen","18":"pa_vorm-podo-orange-7-mm-10pcs-fin","19":"pa_vorm-podo-orange-7-mm-10pcs-grossier","20":"pa_vorm-podo-orange-7-mm-10pcs-moyen","21":"pa_vorm-podo-pointue-orange-10-mm-10pcs-grossier","22":"pa_vorm-podo-pointue-orange-10-mm-10pcs-moyen","23":"pa_vorm-podo-pointue-orange-5-mm-10pcs-grossier","24":"pa_vorm-podo-pointue-orange-7-mm-10pcs-grossier","25":"pa_vorm-podo-pointue-orange-7-mm-10pcs-moyen","26":"pa_vorm-support-de-tete-de-broyage-pointue-10mm-tete-de-broyage-violet-et-orange","27":"pa_vorm-support-de-tete-de-broyage-pointue-5mm-tete-de-broyage-violet-et-orange","28":"pa_vorm-support-de-tete-de-broyage-pointue-7mm-tete-de-broyage-violet-et-orange","29":"pa_vorm-support-de-tete-de-broyage-spherique-10mm-tete-de-broyage-violet-et-orange","30":"pa_vorm-support-de-tete-de-broyage-spherique-13mm-tete-de-broyage-violet-et-orange","31":"pa_vorm-support-de-tete-de-broyage-spherique-5mm-tete-de-broyage-violet-et-orange","32":"pa_vorm-support-de-tete-de-broyage-spherique-7mm-tete-de-broyage-violet-et-orange","34":"first","35":"instock","36":"taxable","37":"shipping-taxable","38":"product-type-variable"},"acf":[],"_links":{"self":[{"href":"https:\/\/sundar.be\/fr\/wp-json\/wp\/v2\/product\/39653","targetHints":{"allow":["GET"]}}],"collection":[{"href":"https:\/\/sundar.be\/fr\/wp-json\/wp\/v2\/product"}],"about":[{"href":"https:\/\/sundar.be\/fr\/wp-json\/wp\/v2\/types\/product"}],"replies":[{"embeddable":true,"href":"https:\/\/sundar.be\/fr\/wp-json\/wp\/v2\/comments?post=39653"}],"wp:featuredmedia":[{"embeddable":true,"href":"https:\/\/sundar.be\/fr\/wp-json\/wp\/v2\/media\/39652"}],"wp:attachment":[{"href":"https:\/\/sundar.be\/fr\/wp-json\/wp\/v2\/media?parent=39653"}],"wp:term":[{"taxonomy":"product_brand","embeddable":true,"href":"https:\/\/sundar.be\/fr\/wp-json\/wp\/v2\/product_brand?post=39653"},{"taxonomy":"product_cat","embeddable":true,"href":"https:\/\/sundar.be\/fr\/wp-json\/wp\/v2\/product_cat?post=39653"},{"taxonomy":"product_tag","embeddable":true,"href":"https:\/\/sundar.be\/fr\/wp-json\/wp\/v2\/product_tag?post=39653"}],"curies":[{"name":"wp","href":"https:\/\/api.w.org\/{rel}","templated":true}]}}