{"id":39576,"date":"2024-09-01T07:00:29","date_gmt":"2024-09-22T11:56:29","guid":{"rendered":"https:\/\/sundar.be\/product\/kit-de-fraises-ongle-cosmetique\/"},"modified":"2025-03-13T13:40:17","modified_gmt":"2025-03-13T12:40:17","slug":"kit-de-fraises-ongle-cosmetique","status":"publish","type":"product","link":"https:\/\/sundar.be\/fr\/produit\/kit-de-fraises-ongle-cosmetique\/","title":{"rendered":"Kit de Fraises Ongle Cosm\u00e9tique"},"content":{"rendered":"<p>Set de fraises sp\u00e9ciale pour la finition des ongles. \u00c9galement adapt\u00e9e pour la finition des ongles artificiels. Comprend des fraises de polissage en silicone et une fraise Ony Clean sans bords tranchants.  <\/p>\n<p><strong>Contenu:<\/strong><\/p>\n<ul>\n<li>9627080 polijst frais trapeze<\/li>\n<li>2x 6894063 Peerfrais<\/li>\n<li>T429SPEED060 speedfrais<\/li>\n<li>407RS012 Ony clean\/ robbelaar kort<\/li>\n<li>9623080 polijst frais trapeze<\/li>\n<li>2x 850023 Fissuurfrais Diamant<\/li>\n<li>T431SPEED031 speedfrais<\/li>\n<\/ul>\n","protected":false},"excerpt":{"rendered":"<p>Set de fraises sp\u00e9ciale pour la finition des ongles. \u00c9galement adapt\u00e9e pour la finition des ongles artificiels. Comprend des fraises de polissage en silicone et une fraise Ony Clean sans bords tranchants. Contenu: 9627080 polijst frais trapeze 2x 6894063 Peerfrais T429SPEED060 speedfrais 407RS012 Ony clean\/ robbelaar kort 9623080 polijst frais trapeze 2x 850023 Fissuurfrais Diamant [&hellip;]<\/p>\n","protected":false},"featured_media":39574,"comment_status":"open","ping_status":"closed","template":"","meta":{"_acf_changed":false},"product_brand":[],"product_cat":[1626,4059,4057,4765],"product_tag":[3472],"class_list":{"0":"post-39576","1":"product","2":"type-product","3":"status-publish","4":"has-post-thumbnail","6":"product_cat-appareils-et-accessoires","7":"product_cat-units-fraises-accessoires","8":"product_cat-units-kits-de-fraises","9":"product_cat-matriel-de-pratique","10":"product_tag-fraisen-fr","12":"first","13":"instock","14":"taxable","15":"shipping-taxable","16":"product-type-simple"},"acf":[],"_links":{"self":[{"href":"https:\/\/sundar.be\/fr\/wp-json\/wp\/v2\/product\/39576","targetHints":{"allow":["GET"]}}],"collection":[{"href":"https:\/\/sundar.be\/fr\/wp-json\/wp\/v2\/product"}],"about":[{"href":"https:\/\/sundar.be\/fr\/wp-json\/wp\/v2\/types\/product"}],"replies":[{"embeddable":true,"href":"https:\/\/sundar.be\/fr\/wp-json\/wp\/v2\/comments?post=39576"}],"wp:featuredmedia":[{"embeddable":true,"href":"https:\/\/sundar.be\/fr\/wp-json\/wp\/v2\/media\/39574"}],"wp:attachment":[{"href":"https:\/\/sundar.be\/fr\/wp-json\/wp\/v2\/media?parent=39576"}],"wp:term":[{"taxonomy":"product_brand","embeddable":true,"href":"https:\/\/sundar.be\/fr\/wp-json\/wp\/v2\/product_brand?post=39576"},{"taxonomy":"product_cat","embeddable":true,"href":"https:\/\/sundar.be\/fr\/wp-json\/wp\/v2\/product_cat?post=39576"},{"taxonomy":"product_tag","embeddable":true,"href":"https:\/\/sundar.be\/fr\/wp-json\/wp\/v2\/product_tag?post=39576"}],"curies":[{"name":"wp","href":"https:\/\/api.w.org\/{rel}","templated":true}]}}