{"id":39571,"date":"2024-09-01T07:00:03","date_gmt":"2024-09-22T11:53:21","guid":{"rendered":"https:\/\/sundar.be\/product\/kit-de-fraises-diabete\/"},"modified":"2025-03-13T17:22:46","modified_gmt":"2025-03-13T16:22:46","slug":"kit-de-fraises-diabete","status":"publish","type":"product","link":"https:\/\/sundar.be\/fr\/produit\/kit-de-fraises-diabete\/","title":{"rendered":"Kit de Fraises Diab\u00e8te"},"content":{"rendered":"<p>Cet ensemble de fraises est con\u00e7u pour les traitements du pied diab\u00e9tique. Chaque fraise poss\u00e8de une pointe arrondie et une structure diamant\u00e9e tr\u00e8s fine. <\/p>\n<p><strong>Contenu:<\/strong><\/p>\n<ul>\n<li>840T050 Top grip cilinder groot middel<\/li>\n<li>885023 Fissuurfrais<\/li>\n<li>894060 Peerfrais<\/li>\n<li>407RS012 Ony Clean\/ Robbbelaar kort<\/li>\n<li>840S055 Side Grip cilinder middel<\/li>\n<li>8893047 Druppelfrais<\/li>\n<li>1SXM014 Speedfrais nr 14<\/li>\n<\/ul>\n","protected":false},"excerpt":{"rendered":"<p>Cet ensemble de fraises est con\u00e7u pour les traitements du pied diab\u00e9tique. Chaque fraise poss\u00e8de une pointe arrondie et une structure diamant\u00e9e tr\u00e8s fine. Contenu: 840T050 Top grip cilinder groot middel 885023 Fissuurfrais 894060 Peerfrais 407RS012 Ony Clean\/ Robbbelaar kort 840S055 Side Grip cilinder middel 8893047 Druppelfrais 1SXM014 Speedfrais nr 14<\/p>\n","protected":false},"featured_media":39569,"comment_status":"open","ping_status":"closed","template":"","meta":{"_acf_changed":false},"product_brand":[],"product_cat":[1626,4059,4057,4765],"product_tag":[3472],"class_list":{"0":"post-39571","1":"product","2":"type-product","3":"status-publish","4":"has-post-thumbnail","6":"product_cat-appareils-et-accessoires","7":"product_cat-units-fraises-accessoires","8":"product_cat-units-kits-de-fraises","9":"product_cat-matriel-de-pratique","10":"product_tag-fraisen-fr","12":"first","13":"instock","14":"taxable","15":"shipping-taxable","16":"product-type-simple"},"acf":[],"_links":{"self":[{"href":"https:\/\/sundar.be\/fr\/wp-json\/wp\/v2\/product\/39571","targetHints":{"allow":["GET"]}}],"collection":[{"href":"https:\/\/sundar.be\/fr\/wp-json\/wp\/v2\/product"}],"about":[{"href":"https:\/\/sundar.be\/fr\/wp-json\/wp\/v2\/types\/product"}],"replies":[{"embeddable":true,"href":"https:\/\/sundar.be\/fr\/wp-json\/wp\/v2\/comments?post=39571"}],"wp:featuredmedia":[{"embeddable":true,"href":"https:\/\/sundar.be\/fr\/wp-json\/wp\/v2\/media\/39569"}],"wp:attachment":[{"href":"https:\/\/sundar.be\/fr\/wp-json\/wp\/v2\/media?parent=39571"}],"wp:term":[{"taxonomy":"product_brand","embeddable":true,"href":"https:\/\/sundar.be\/fr\/wp-json\/wp\/v2\/product_brand?post=39571"},{"taxonomy":"product_cat","embeddable":true,"href":"https:\/\/sundar.be\/fr\/wp-json\/wp\/v2\/product_cat?post=39571"},{"taxonomy":"product_tag","embeddable":true,"href":"https:\/\/sundar.be\/fr\/wp-json\/wp\/v2\/product_tag?post=39571"}],"curies":[{"name":"wp","href":"https:\/\/api.w.org\/{rel}","templated":true}]}}