{"id":39562,"date":"2024-09-01T07:00:17","date_gmt":"2024-09-22T11:47:39","guid":{"rendered":"https:\/\/sundar.be\/product\/kit-de-fraises-de-base-2\/"},"modified":"2025-03-13T13:48:21","modified_gmt":"2025-03-13T12:48:21","slug":"kit-de-fraises-de-base-2","status":"publish","type":"product","link":"https:\/\/sundar.be\/fr\/produit\/kit-de-fraises-de-base-2\/","title":{"rendered":"Kit de Fraises de Base 2"},"content":{"rendered":"<p>Le set est polyvalent et permet de r\u00e9aliser presque tous les traitements de l&rsquo;ongle et des callosit\u00e9s. Convient \u00e0 la fois pour les techniques humides et s\u00e8ches. <\/p>\n<p><strong>Contenu:<\/strong><\/p>\n<ul>\n<li>801010 Bolfrais Diamant<\/li>\n<li>840055 Cilinderfrais<\/li>\n<li>DT4880120 Dia Twister supergrof groot<\/li>\n<li>8850016 Fissuurfrais<\/li>\n<li>8840055 Cilinderfrais<\/li>\n<li>893047 Druppelfrais<\/li>\n<\/ul>\n","protected":false},"excerpt":{"rendered":"<p>Le set est polyvalent et permet de r\u00e9aliser presque tous les traitements de l&rsquo;ongle et des callosit\u00e9s. Convient \u00e0 la fois pour les techniques humides et s\u00e8ches. Contenu: 801010 Bolfrais Diamant 840055 Cilinderfrais DT4880120 Dia Twister supergrof groot 8850016 Fissuurfrais 8840055 Cilinderfrais 893047 Druppelfrais<\/p>\n","protected":false},"featured_media":39561,"comment_status":"open","ping_status":"closed","template":"","meta":{"_acf_changed":false},"product_brand":[],"product_cat":[1626,4059,4057,4765],"product_tag":[3472],"class_list":{"0":"post-39562","1":"product","2":"type-product","3":"status-publish","4":"has-post-thumbnail","6":"product_cat-appareils-et-accessoires","7":"product_cat-units-fraises-accessoires","8":"product_cat-units-kits-de-fraises","9":"product_cat-matriel-de-pratique","10":"product_tag-fraisen-fr","12":"first","13":"instock","14":"taxable","15":"shipping-taxable","16":"product-type-simple"},"acf":[],"_links":{"self":[{"href":"https:\/\/sundar.be\/fr\/wp-json\/wp\/v2\/product\/39562","targetHints":{"allow":["GET"]}}],"collection":[{"href":"https:\/\/sundar.be\/fr\/wp-json\/wp\/v2\/product"}],"about":[{"href":"https:\/\/sundar.be\/fr\/wp-json\/wp\/v2\/types\/product"}],"replies":[{"embeddable":true,"href":"https:\/\/sundar.be\/fr\/wp-json\/wp\/v2\/comments?post=39562"}],"wp:featuredmedia":[{"embeddable":true,"href":"https:\/\/sundar.be\/fr\/wp-json\/wp\/v2\/media\/39561"}],"wp:attachment":[{"href":"https:\/\/sundar.be\/fr\/wp-json\/wp\/v2\/media?parent=39562"}],"wp:term":[{"taxonomy":"product_brand","embeddable":true,"href":"https:\/\/sundar.be\/fr\/wp-json\/wp\/v2\/product_brand?post=39562"},{"taxonomy":"product_cat","embeddable":true,"href":"https:\/\/sundar.be\/fr\/wp-json\/wp\/v2\/product_cat?post=39562"},{"taxonomy":"product_tag","embeddable":true,"href":"https:\/\/sundar.be\/fr\/wp-json\/wp\/v2\/product_tag?post=39562"}],"curies":[{"name":"wp","href":"https:\/\/api.w.org\/{rel}","templated":true}]}}