{"id":39557,"date":"2024-09-01T07:00:03","date_gmt":"2024-09-22T11:45:06","guid":{"rendered":"https:\/\/sundar.be\/product\/kit-de-fraises-de-base-1\/"},"modified":"2025-03-13T17:22:47","modified_gmt":"2025-03-13T16:22:47","slug":"kit-de-fraises-de-base-1","status":"publish","type":"product","link":"https:\/\/sundar.be\/fr\/produit\/kit-de-fraises-de-base-1\/","title":{"rendered":"Kit De Fraises de Base 1"},"content":{"rendered":"<p>Le set est polyvalent et permet de r\u00e9aliser presque tous les traitements de l&rsquo;ongle et des callosit\u00e9s. Convient \u00e0 la fois pour les techniques humides et s\u00e8ches. <\/p>\n<p><strong>Contenu:<\/strong><\/p>\n<ul>\n<li>1RS010 &#8211; Bolkopfrais RVS<\/li>\n<li>39RS009 &#8211; Fissuurfrais staalfrais 39RS\/009<\/li>\n<li>225RS018 &#8211; Busch trepan Frais 225 RS\/018<\/li>\n<li>136RS100 &#8211; Busch tonvormige Frees 136RS\/100<\/li>\n<li>85RS060 &#8211; Peervormige Staalfrais 85 RS \/ 060<\/li>\n<li>95RS050 &#8211; Peervormige Staalfrais 84RS \/ 060<\/li>\n<li>406L-RS012 &#8211; Busch staal frees robbelaar<\/li>\n<li>11RS012 &#8211; Bolkopfrais getand RVS 012<\/li>\n<\/ul>\n","protected":false},"excerpt":{"rendered":"<p>Le set est polyvalent et permet de r\u00e9aliser presque tous les traitements de l&rsquo;ongle et des callosit\u00e9s. Convient \u00e0 la fois pour les techniques humides et s\u00e8ches. Contenu: 1RS010 &#8211; Bolkopfrais RVS 39RS009 &#8211; Fissuurfrais staalfrais 39RS\/009 225RS018 &#8211; Busch trepan Frais 225 RS\/018 136RS100 &#8211; Busch tonvormige Frees 136RS\/100 85RS060 &#8211; Peervormige Staalfrais 85 [&hellip;]<\/p>\n","protected":false},"featured_media":39556,"comment_status":"open","ping_status":"closed","template":"","meta":{"_acf_changed":false},"product_brand":[],"product_cat":[1626,4059,4057,4765],"product_tag":[3472],"class_list":{"0":"post-39557","1":"product","2":"type-product","3":"status-publish","4":"has-post-thumbnail","6":"product_cat-appareils-et-accessoires","7":"product_cat-units-fraises-accessoires","8":"product_cat-units-kits-de-fraises","9":"product_cat-matriel-de-pratique","10":"product_tag-fraisen-fr","12":"first","13":"instock","14":"taxable","15":"shipping-taxable","16":"product-type-simple"},"acf":[],"_links":{"self":[{"href":"https:\/\/sundar.be\/fr\/wp-json\/wp\/v2\/product\/39557","targetHints":{"allow":["GET"]}}],"collection":[{"href":"https:\/\/sundar.be\/fr\/wp-json\/wp\/v2\/product"}],"about":[{"href":"https:\/\/sundar.be\/fr\/wp-json\/wp\/v2\/types\/product"}],"replies":[{"embeddable":true,"href":"https:\/\/sundar.be\/fr\/wp-json\/wp\/v2\/comments?post=39557"}],"wp:featuredmedia":[{"embeddable":true,"href":"https:\/\/sundar.be\/fr\/wp-json\/wp\/v2\/media\/39556"}],"wp:attachment":[{"href":"https:\/\/sundar.be\/fr\/wp-json\/wp\/v2\/media?parent=39557"}],"wp:term":[{"taxonomy":"product_brand","embeddable":true,"href":"https:\/\/sundar.be\/fr\/wp-json\/wp\/v2\/product_brand?post=39557"},{"taxonomy":"product_cat","embeddable":true,"href":"https:\/\/sundar.be\/fr\/wp-json\/wp\/v2\/product_cat?post=39557"},{"taxonomy":"product_tag","embeddable":true,"href":"https:\/\/sundar.be\/fr\/wp-json\/wp\/v2\/product_tag?post=39557"}],"curies":[{"name":"wp","href":"https:\/\/api.w.org\/{rel}","templated":true}]}}