{"id":39551,"date":"2024-09-01T07:00:11","date_gmt":"2024-09-01T05:00:11","guid":{"rendered":"https:\/\/sundar.be\/product\/disque-de-polissage-lisko-pour-silicone-10-pcs-1-baton-de-fraisage\/"},"modified":"2025-03-13T17:10:56","modified_gmt":"2025-03-13T16:10:56","slug":"disque-de-polissage-lisko-pour-silicone-10-pcs-1-baton-de-fraisage","status":"publish","type":"product","link":"https:\/\/sundar.be\/fr\/produit\/disque-de-polissage-lisko-pour-silicone-10-pcs-1-baton-de-fraisage\/","title":{"rendered":"Disque de polissage Lisko pour silicone 10 pcs+ 1 b\u00e2ton de fraisage"},"content":{"rendered":"<p>Parfaitement adapt\u00e9es pour le pon\u00e7age et le lissage des acrylates flexibles, des silicones ou d&rsquo;autres mat\u00e9riaux doux. Elles sont \u00e9galement adapt\u00e9es pour le pr\u00e9-polissage des m\u00e9taux et d&rsquo;autres acrylates. <\/p>\n<p>Avec une structure ouverte pour le refroidissement.<\/p>\n<p>Adapt\u00e9 pour le travail des mat\u00e9riaux doux.<\/p>\n<ul>\n<li>Vitesse de rotation maximale. 5000\/min. Pour une granulom\u00e9trie fine, ne broyer qu&rsquo;\u00e0 basse pression.  <\/li>\n<li>Porter des lunettes de protection.<\/li>\n<li>Granulom\u00e9trie &#8211; fine<\/li>\n<li>Vitesse &#8211; Max 10 000 rpm<\/li>\n<li>Contenu &#8211; 10 pcs+ 1 fraisier<\/li>\n<\/ul>\n","protected":false},"excerpt":{"rendered":"<p>Parfaitement adapt\u00e9es pour le pon\u00e7age et le lissage des acrylates flexibles, des silicones ou d&rsquo;autres mat\u00e9riaux doux. Elles sont \u00e9galement adapt\u00e9es pour le pr\u00e9-polissage des m\u00e9taux et d&rsquo;autres acrylates. Avec une structure ouverte pour le refroidissement. Adapt\u00e9 pour le travail des mat\u00e9riaux doux. Vitesse de rotation maximale. 5000\/min. Pour une granulom\u00e9trie fine, ne broyer qu&rsquo;\u00e0 [&hellip;]<\/p>\n","protected":false},"featured_media":56259,"comment_status":"open","ping_status":"closed","template":"","meta":{"_acf_changed":false},"product_brand":[],"product_cat":[1626,4059,4014,4765],"product_tag":[3472],"class_list":{"0":"post-39551","1":"product","2":"type-product","3":"status-publish","4":"has-post-thumbnail","6":"product_cat-appareils-et-accessoires","7":"product_cat-units-fraises-accessoires","8":"product_cat-units-fraises-de-polissage","9":"product_cat-matriel-de-pratique","10":"product_tag-fraisen-fr","12":"first","13":"instock","14":"taxable","15":"shipping-taxable","16":"product-type-simple"},"acf":[],"_links":{"self":[{"href":"https:\/\/sundar.be\/fr\/wp-json\/wp\/v2\/product\/39551","targetHints":{"allow":["GET"]}}],"collection":[{"href":"https:\/\/sundar.be\/fr\/wp-json\/wp\/v2\/product"}],"about":[{"href":"https:\/\/sundar.be\/fr\/wp-json\/wp\/v2\/types\/product"}],"replies":[{"embeddable":true,"href":"https:\/\/sundar.be\/fr\/wp-json\/wp\/v2\/comments?post=39551"}],"wp:featuredmedia":[{"embeddable":true,"href":"https:\/\/sundar.be\/fr\/wp-json\/wp\/v2\/media\/56259"}],"wp:attachment":[{"href":"https:\/\/sundar.be\/fr\/wp-json\/wp\/v2\/media?parent=39551"}],"wp:term":[{"taxonomy":"product_brand","embeddable":true,"href":"https:\/\/sundar.be\/fr\/wp-json\/wp\/v2\/product_brand?post=39551"},{"taxonomy":"product_cat","embeddable":true,"href":"https:\/\/sundar.be\/fr\/wp-json\/wp\/v2\/product_cat?post=39551"},{"taxonomy":"product_tag","embeddable":true,"href":"https:\/\/sundar.be\/fr\/wp-json\/wp\/v2\/product_tag?post=39551"}],"curies":[{"name":"wp","href":"https:\/\/api.w.org\/{rel}","templated":true}]}}