{"id":39541,"date":"2024-09-01T07:00:35","date_gmt":"2024-09-22T11:28:05","guid":{"rendered":"https:\/\/sundar.be\/product\/busch-soft-wheel-polisher\/"},"modified":"2025-03-13T13:35:52","modified_gmt":"2025-03-13T12:35:52","slug":"busch-soft-wheel-polisher","status":"publish","type":"product","link":"https:\/\/sundar.be\/fr\/produit\/busch-soft-wheel-polisher\/","title":{"rendered":"Busch Soft Wheel Polisher"},"content":{"rendered":"<p>Polissoir souple de Busch, disques de coton impr\u00e9gn\u00e9s de grains abrasifs de corindon min\u00e9ral de haute qualit\u00e9. Pour le polissage des ongles naturels sains et des ongles artificiels (technique s\u00e8che recommand\u00e9e). Le frais a une structure semblable \u00e0 celle d\u2019une \u00e9ponge qui permet \u00e0 sa forme de s\u2019adapter \u00e0 l\u2019ongle \u00e0 traiter. Avec cette alternative rotative aux limes de polissage, vous pouvez polir jusqu\u2019au bord de l\u2019ongle sans l\u2019endommager.   <\/p>\n<p>Les tampons sont disponibles en deux niveaux de finesse. Ce syst\u00e8me de polissage en deux \u00e9tapes vous permet de donner \u00e0 l\u2019ongle une finition brillante, pratiquement sans pression. <\/p>\n<p>Utilisez le grain moyen du tampon vert pour le pr\u00e9-polissage. Pour la finition brillante, utilisez le tampon rose avec un grain extra-fin. <\/p>\n<p>Utilisez les disques doux en combinaison avec une p\u00e2te \u00e0 polir. Les tampons peuvent \u00eatre facilement mont\u00e9s sur le support en acier inoxydable. <\/p>\n<p>La brosse \u00e0 polir Busch en poils de ch\u00e8vre est une brosse \u00e0 ongles et convient au polissage et au nettoyage des ongles naturels et des ongles artificiels. Le poil de ch\u00e8vre est plus doux que le poil de cheval. <\/p>\n","protected":false},"excerpt":{"rendered":"<p>Soft Wheel Polisher de Busch<\/p>\n","protected":false},"featured_media":39540,"comment_status":"open","ping_status":"closed","template":"","meta":{"_acf_changed":false},"product_brand":[],"product_cat":[1626,4059,4014,4765],"product_tag":[3472],"class_list":{"0":"post-39541","1":"product","2":"type-product","3":"status-publish","4":"has-post-thumbnail","6":"product_cat-appareils-et-accessoires","7":"product_cat-units-fraises-accessoires","8":"product_cat-units-fraises-de-polissage","9":"product_cat-matriel-de-pratique","10":"product_tag-fraisen-fr","11":"pa_vorm-busch-polijstborstel-fr","12":"pa_vorm-soft-wheel-groen-fr","13":"pa_vorm-soft-wheel-houder-fr","14":"pa_vorm-soft-wheel-roze-fr","16":"first","17":"instock","18":"taxable","19":"shipping-taxable","20":"product-type-variable"},"acf":[],"_links":{"self":[{"href":"https:\/\/sundar.be\/fr\/wp-json\/wp\/v2\/product\/39541","targetHints":{"allow":["GET"]}}],"collection":[{"href":"https:\/\/sundar.be\/fr\/wp-json\/wp\/v2\/product"}],"about":[{"href":"https:\/\/sundar.be\/fr\/wp-json\/wp\/v2\/types\/product"}],"replies":[{"embeddable":true,"href":"https:\/\/sundar.be\/fr\/wp-json\/wp\/v2\/comments?post=39541"}],"wp:featuredmedia":[{"embeddable":true,"href":"https:\/\/sundar.be\/fr\/wp-json\/wp\/v2\/media\/39540"}],"wp:attachment":[{"href":"https:\/\/sundar.be\/fr\/wp-json\/wp\/v2\/media?parent=39541"}],"wp:term":[{"taxonomy":"product_brand","embeddable":true,"href":"https:\/\/sundar.be\/fr\/wp-json\/wp\/v2\/product_brand?post=39541"},{"taxonomy":"product_cat","embeddable":true,"href":"https:\/\/sundar.be\/fr\/wp-json\/wp\/v2\/product_cat?post=39541"},{"taxonomy":"product_tag","embeddable":true,"href":"https:\/\/sundar.be\/fr\/wp-json\/wp\/v2\/product_tag?post=39541"}],"curies":[{"name":"wp","href":"https:\/\/api.w.org\/{rel}","templated":true}]}}