{"id":39513,"date":"2024-09-01T07:00:16","date_gmt":"2024-09-01T05:00:16","guid":{"rendered":"https:\/\/sundar.be\/product\/busch-fraises-de-polissage\/"},"modified":"2025-03-13T13:49:05","modified_gmt":"2025-03-13T12:49:05","slug":"busch-fraises-de-polissage","status":"publish","type":"product","link":"https:\/\/sundar.be\/fr\/produit\/busch-fraises-de-polissage\/","title":{"rendered":"Busch Fraises de Polissage"},"content":{"rendered":"<p>Les fraises de polissage Busch sont adapt\u00e9es pour lisser, pr\u00e9-polir et polir au brillant les acrylates et les proth\u00e8ses ongulaires. Les fraises de polissage sont fabriqu\u00e9es en mat\u00e9riau silicone\/amaril. <\/p>\n<p>Les fraises de polissage Busch existent en 3 couleurs diff\u00e9rentes, chaque couleur ayant une application sp\u00e9cifique dans le processus de polissage. Commencez par la verte, puis utilisez la grise et terminez avec la jaune\/beige. <\/p>\n<p>Les derniers 3 chiffres du num\u00e9ro d&rsquo;article (et du nom du produit) correspondent au diam\u00e8tre de la fraise en mm.<\/p>\n","protected":false},"excerpt":{"rendered":"<p>Busch Fraises de Polissage<\/p>\n","protected":false},"featured_media":39512,"comment_status":"open","ping_status":"closed","template":"","meta":{"_acf_changed":false},"product_brand":[],"product_cat":[1626,4059,4014,4765],"product_tag":[3472],"class_list":{"0":"post-39513","1":"product","2":"type-product","3":"status-publish","4":"has-post-thumbnail","6":"product_cat-appareils-et-accessoires","7":"product_cat-units-fraises-accessoires","8":"product_cat-units-fraises-de-polissage","9":"product_cat-matriel-de-pratique","10":"product_tag-fraisen-fr","11":"pa_vorm-glanspolijstfrais-055-fr","12":"pa_vorm-glanspolijstfrais-065-fr","13":"pa_vorm-glanspolijstfrais-100-fr","14":"pa_vorm-polijstfrais-055-fr","15":"pa_vorm-polijstfrais-065-fr","16":"pa_vorm-polijstfrais-100-fr","17":"pa_vorm-polijstfrais-trapeze-080-fr","18":"pa_vorm-voorpolijstfrais-055-fr","19":"pa_vorm-voorpolijstfrais-065-fr","20":"pa_vorm-voorpolijstfrais-100-fr","21":"pa_vorm-voorpolijstfrais-100-2-fr","23":"first","24":"instock","25":"taxable","26":"shipping-taxable","27":"product-type-variable"},"acf":[],"_links":{"self":[{"href":"https:\/\/sundar.be\/fr\/wp-json\/wp\/v2\/product\/39513","targetHints":{"allow":["GET"]}}],"collection":[{"href":"https:\/\/sundar.be\/fr\/wp-json\/wp\/v2\/product"}],"about":[{"href":"https:\/\/sundar.be\/fr\/wp-json\/wp\/v2\/types\/product"}],"replies":[{"embeddable":true,"href":"https:\/\/sundar.be\/fr\/wp-json\/wp\/v2\/comments?post=39513"}],"wp:featuredmedia":[{"embeddable":true,"href":"https:\/\/sundar.be\/fr\/wp-json\/wp\/v2\/media\/39512"}],"wp:attachment":[{"href":"https:\/\/sundar.be\/fr\/wp-json\/wp\/v2\/media?parent=39513"}],"wp:term":[{"taxonomy":"product_brand","embeddable":true,"href":"https:\/\/sundar.be\/fr\/wp-json\/wp\/v2\/product_brand?post=39513"},{"taxonomy":"product_cat","embeddable":true,"href":"https:\/\/sundar.be\/fr\/wp-json\/wp\/v2\/product_cat?post=39513"},{"taxonomy":"product_tag","embeddable":true,"href":"https:\/\/sundar.be\/fr\/wp-json\/wp\/v2\/product_tag?post=39513"}],"curies":[{"name":"wp","href":"https:\/\/api.w.org\/{rel}","templated":true}]}}