{"id":39465,"date":"2024-09-01T07:00:33","date_gmt":"2024-09-21T20:40:54","guid":{"rendered":"https:\/\/sundar.be\/product\/busch-amaril-fraises-de-polissage\/"},"modified":"2025-03-13T13:37:31","modified_gmt":"2025-03-13T12:37:31","slug":"busch-amaril-fraises-de-polissage","status":"publish","type":"product","link":"https:\/\/sundar.be\/fr\/produit\/busch-amaril-fraises-de-polissage\/","title":{"rendered":"Busch Amaril Fraises de Polissage"},"content":{"rendered":"<p>Les fraises de polissage Amaril sont utilis\u00e9es pour les travaux de pon\u00e7age fin sur les ongles, cuticules, acrylates et proth\u00e8ses ongulaires. Elles sont particuli\u00e8rement adapt\u00e9es pour le polissage doux des ongles apr\u00e8s l&rsquo;\u00e9limination de l&rsquo;ongle \u00e9paissi. <\/p>\n<ul>\n<li><span lang=\"nl\">Convient aux techniques s\u00e8ches et humides. La technique s\u00e8che permet de r\u00e9duire la vitesse et de limiter les risques pour les pieds. <\/span><\/li>\n<li>En technique s\u00e8che, r\u00e9duire l\u00e9g\u00e8rement la vitesse, ainsi que le risque de pied.<\/li>\n<li>Parfait pour les travaux plus d\u00e9licats, notamment la manucure ou le traitement cosm\u00e9tique des pieds.<\/li>\n<\/ul>\n<p>Ces fraises de polissage sont toutes dot\u00e9es d&rsquo;une couleur rose (ou blanche), ce qui les rend facilement reconnaissables dans votre collection de fraises.<\/p>\n<p>Les derniers 3 chiffres du num\u00e9ro d&rsquo;article (et du nom du produit) correspondent au diam\u00e8tre de la fraise en mm.<\/p>\n","protected":false},"excerpt":{"rendered":"<p>Busch Amaril Fraises de Polissage<\/p>\n","protected":false},"featured_media":39462,"comment_status":"open","ping_status":"closed","template":"","meta":{"_acf_changed":false},"product_brand":[],"product_cat":[1626,4014,4765],"product_tag":[3472],"class_list":{"0":"post-39465","1":"product","2":"type-product","3":"status-publish","4":"has-post-thumbnail","6":"product_cat-appareils-et-accessoires","7":"product_cat-units-fraises-de-polissage","8":"product_cat-matriel-de-pratique","9":"product_tag-fraisen-fr","10":"pa_vorm-cilinder-025-fr","11":"pa_vorm-cilinder-035-fr","12":"pa_vorm-cilinder-050-fr","13":"pa_vorm-cilinder-wit-055-fr","14":"pa_vorm-cilinder-wit-100-fr","15":"pa_vorm-druppel-050-fr","16":"pa_vorm-peer-050-fr","17":"pa_vorm-pyramide-035-fr","18":"pa_vorm-pyramide-065-fr","19":"pa_vorm-trapeze-020-fr","20":"pa_vorm-trapeze-033-fr","22":"first","23":"instock","24":"taxable","25":"shipping-taxable","26":"product-type-variable"},"acf":[],"_links":{"self":[{"href":"https:\/\/sundar.be\/fr\/wp-json\/wp\/v2\/product\/39465","targetHints":{"allow":["GET"]}}],"collection":[{"href":"https:\/\/sundar.be\/fr\/wp-json\/wp\/v2\/product"}],"about":[{"href":"https:\/\/sundar.be\/fr\/wp-json\/wp\/v2\/types\/product"}],"replies":[{"embeddable":true,"href":"https:\/\/sundar.be\/fr\/wp-json\/wp\/v2\/comments?post=39465"}],"wp:featuredmedia":[{"embeddable":true,"href":"https:\/\/sundar.be\/fr\/wp-json\/wp\/v2\/media\/39462"}],"wp:attachment":[{"href":"https:\/\/sundar.be\/fr\/wp-json\/wp\/v2\/media?parent=39465"}],"wp:term":[{"taxonomy":"product_brand","embeddable":true,"href":"https:\/\/sundar.be\/fr\/wp-json\/wp\/v2\/product_brand?post=39465"},{"taxonomy":"product_cat","embeddable":true,"href":"https:\/\/sundar.be\/fr\/wp-json\/wp\/v2\/product_cat?post=39465"},{"taxonomy":"product_tag","embeddable":true,"href":"https:\/\/sundar.be\/fr\/wp-json\/wp\/v2\/product_tag?post=39465"}],"curies":[{"name":"wp","href":"https:\/\/api.w.org\/{rel}","templated":true}]}}