{"id":39426,"date":"2024-09-01T07:00:12","date_gmt":"2024-09-21T20:28:15","guid":{"rendered":"https:\/\/sundar.be\/product\/ony-clean-robbelaar-lang\/"},"modified":"2025-03-13T17:09:50","modified_gmt":"2025-03-13T16:09:50","slug":"ony-clean-robbelaar-lang","status":"publish","type":"product","link":"https:\/\/sundar.be\/fr\/produit\/ony-clean-robbelaar-lang\/","title":{"rendered":"Ony Clean \/ Robbelaar lang"},"content":{"rendered":"<h3>Ony Clean \/ Robbelaar lang<\/h3>\n<p>L&rsquo;Ony Clean \/ Robbelaar long est un instrument sp\u00e9cial en acier inoxydable que vous pouvez utiliser pour nettoyer les cuticules. La fraise n&rsquo;a pas de bords tranchants, mais plusieurs bords angulaires fonctionnels. Elle ne cause aucun dommage \u00e0 l&rsquo;ongle. C&rsquo;est une fraise sp\u00e9ciale pour nettoyer les cuticules. La version courte (Ony Clean \/ Robbelaar court) est plus polyvalente, tandis que la version longue est plus adapt\u00e9e pour \u00eatre utilis\u00e9e de mani\u00e8re plus plate.    <\/p>\n<h2>Specifications:<\/h2>\n<ul>\n<li>La taille de la t\u00eate de forage n&rsquo;est disponible qu&rsquo;en 012 mm.<\/li>\n<li>Vitesse de rotation min\/max 12 000 &#8211; 20 000<\/li>\n<\/ul>\n<p>Remarque ! Ne laissez pas la fraise tourner plus vite que la vitesse indiqu\u00e9e.<\/p>\n","protected":false},"excerpt":{"rendered":"<p>Ony Clean \/ Robbelaar lang L&rsquo;Ony Clean \/ Robbelaar long est un instrument sp\u00e9cial en acier inoxydable que vous pouvez utiliser pour nettoyer les cuticules. La fraise n&rsquo;a pas de bords tranchants, mais plusieurs bords angulaires fonctionnels. Elle ne cause aucun dommage \u00e0 l&rsquo;ongle. C&rsquo;est une fraise sp\u00e9ciale pour nettoyer les cuticules. La version courte [&hellip;]<\/p>\n","protected":false},"featured_media":39425,"comment_status":"open","ping_status":"closed","template":"","meta":{"_acf_changed":false},"product_brand":[],"product_cat":[1626,4059,3923,4765],"product_tag":[3472],"class_list":{"0":"post-39426","1":"product","2":"type-product","3":"status-publish","4":"has-post-thumbnail","6":"product_cat-appareils-et-accessoires","7":"product_cat-units-fraises-accessoires","8":"product_cat-units-fraises-rvs","9":"product_cat-matriel-de-pratique","10":"product_tag-fraisen-fr","12":"first","13":"instock","14":"taxable","15":"shipping-taxable","16":"product-type-simple"},"acf":[],"_links":{"self":[{"href":"https:\/\/sundar.be\/fr\/wp-json\/wp\/v2\/product\/39426","targetHints":{"allow":["GET"]}}],"collection":[{"href":"https:\/\/sundar.be\/fr\/wp-json\/wp\/v2\/product"}],"about":[{"href":"https:\/\/sundar.be\/fr\/wp-json\/wp\/v2\/types\/product"}],"replies":[{"embeddable":true,"href":"https:\/\/sundar.be\/fr\/wp-json\/wp\/v2\/comments?post=39426"}],"wp:featuredmedia":[{"embeddable":true,"href":"https:\/\/sundar.be\/fr\/wp-json\/wp\/v2\/media\/39425"}],"wp:attachment":[{"href":"https:\/\/sundar.be\/fr\/wp-json\/wp\/v2\/media?parent=39426"}],"wp:term":[{"taxonomy":"product_brand","embeddable":true,"href":"https:\/\/sundar.be\/fr\/wp-json\/wp\/v2\/product_brand?post=39426"},{"taxonomy":"product_cat","embeddable":true,"href":"https:\/\/sundar.be\/fr\/wp-json\/wp\/v2\/product_cat?post=39426"},{"taxonomy":"product_tag","embeddable":true,"href":"https:\/\/sundar.be\/fr\/wp-json\/wp\/v2\/product_tag?post=39426"}],"curies":[{"name":"wp","href":"https:\/\/api.w.org\/{rel}","templated":true}]}}