{"id":39414,"date":"2024-09-01T07:00:33","date_gmt":"2024-09-21T20:19:20","guid":{"rendered":"https:\/\/sundar.be\/product\/busch-trepan-fraisen\/"},"modified":"2025-03-13T13:36:18","modified_gmt":"2025-03-13T12:36:18","slug":"busch-trepan-fraisen","status":"publish","type":"product","link":"https:\/\/sundar.be\/fr\/produit\/busch-trepan-fraisen\/","title":{"rendered":"Busch Trepan Fraisen"},"content":{"rendered":"<p>Les fraises Trepan Busch, \u00e9galement connues sous le nom de \u00ab\u00a0foret \u00e0 pomme\u00a0\u00bb, sont des instruments sp\u00e9cialis\u00e9s pour l&rsquo;\u00e9limination des cors. Elles sont particuli\u00e8rement adapt\u00e9es pour le traitement des cors neuro-vasculaires. De plus, les fraises Trepan peuvent \u00eatre utilis\u00e9es pour traiter les callosit\u00e9s et les bords durs des fissures.  <\/p>\n<p>Utilisez toujours la fraise sous un angle de 15 degr\u00e9s et effectuez un mouvement en forme de pelle depuis le c\u00f4t\u00e9.<\/p>\n","protected":false},"excerpt":{"rendered":"<p>Busch Trepan Fraisen<\/p>\n","protected":false},"featured_media":39413,"comment_status":"open","ping_status":"closed","template":"","meta":{"_acf_changed":false},"product_brand":[],"product_cat":[1626,3923,4765],"product_tag":[3472],"class_list":{"0":"post-39414","1":"product","2":"type-product","3":"status-publish","4":"has-post-thumbnail","6":"product_cat-appareils-et-accessoires","7":"product_cat-units-fraises-rvs","8":"product_cat-matriel-de-pratique","9":"product_tag-fraisen-fr","10":"pa_vorm-trepanfrais-getand-rvs-018-fr","11":"pa_vorm-trepanfrais-getand-rvs-023-fr","12":"pa_vorm-trepanfrais-rvs-018-fr","13":"pa_vorm-trepanfrais-rvs-023-fr","15":"first","16":"instock","17":"taxable","18":"shipping-taxable","19":"product-type-variable"},"acf":[],"_links":{"self":[{"href":"https:\/\/sundar.be\/fr\/wp-json\/wp\/v2\/product\/39414","targetHints":{"allow":["GET"]}}],"collection":[{"href":"https:\/\/sundar.be\/fr\/wp-json\/wp\/v2\/product"}],"about":[{"href":"https:\/\/sundar.be\/fr\/wp-json\/wp\/v2\/types\/product"}],"replies":[{"embeddable":true,"href":"https:\/\/sundar.be\/fr\/wp-json\/wp\/v2\/comments?post=39414"}],"wp:featuredmedia":[{"embeddable":true,"href":"https:\/\/sundar.be\/fr\/wp-json\/wp\/v2\/media\/39413"}],"wp:attachment":[{"href":"https:\/\/sundar.be\/fr\/wp-json\/wp\/v2\/media?parent=39414"}],"wp:term":[{"taxonomy":"product_brand","embeddable":true,"href":"https:\/\/sundar.be\/fr\/wp-json\/wp\/v2\/product_brand?post=39414"},{"taxonomy":"product_cat","embeddable":true,"href":"https:\/\/sundar.be\/fr\/wp-json\/wp\/v2\/product_cat?post=39414"},{"taxonomy":"product_tag","embeddable":true,"href":"https:\/\/sundar.be\/fr\/wp-json\/wp\/v2\/product_tag?post=39414"}],"curies":[{"name":"wp","href":"https:\/\/api.w.org\/{rel}","templated":true}]}}