{"id":39352,"date":"2024-09-01T07:00:18","date_gmt":"2024-09-01T05:00:18","guid":{"rendered":"https:\/\/sundar.be\/product\/busch-bolkopfraisen-rvs\/"},"modified":"2025-03-13T13:48:23","modified_gmt":"2025-03-13T12:48:23","slug":"busch-bolkopfraisen-rvs","status":"publish","type":"product","link":"https:\/\/sundar.be\/fr\/produit\/busch-bolkopfraisen-rvs\/","title":{"rendered":"Busch Bolkopfraisen RVS"},"content":{"rendered":"<p align=\"LEFT\">La s\u00e9rie 1RS en acier de Busch (Busch Bolkopfraisen RVS) est une t\u00eate \u00e0 bille qui permet d&rsquo;enlever les h\u00e9matomes et les cors sous la surface de l&rsquo;ongle. La 1RS\/005 est la plus petite et la 1RS\/023 est la plus grande t\u00eate \u00e0 bille en acier. <\/p>\n<p align=\"LEFT\">Les fraises de la s\u00e9rie 11RS conviennent \u00e0 l&rsquo;\u00e9limination des callosit\u00e9s excessives, des durillons et des (gros) cors. Les fraises sont dentel\u00e9es et effectuent le travail grossier.<\/p>\n<p align=\"LEFT\">Convient \u00e0 la technologie s\u00e8che et \u00e0 la technologie humide<\/p>\n<p align=\"LEFT\">Gr\u00e2ce \u00e0 l&rsquo;utilisation d&rsquo;un m\u00e9tal dur, la fraise ne rouille pas, m\u00eame apr\u00e8s la st\u00e9rilisation. M\u00eame la d\u00e9sinfection fr\u00e9quentielle, le nettoyage et la st\u00e9rilisation n&rsquo;ont aucun effet sur les fraises polyvalentes en acier inoxydable de Busch. Des produits de qualit\u00e9 qui vous profitent, \u00e0 vous et \u00e0 vos clients, pendant longtemps.  <\/p>\n","protected":false},"excerpt":{"rendered":"<p>Busch Bolkopfraisen RVS<\/p>\n","protected":false},"featured_media":39351,"comment_status":"open","ping_status":"closed","template":"","meta":{"_acf_changed":false},"product_brand":[],"product_cat":[1626,4059,3923,4765],"product_tag":[3472],"class_list":{"0":"post-39352","1":"product","2":"type-product","3":"status-publish","4":"has-post-thumbnail","6":"product_cat-appareils-et-accessoires","7":"product_cat-units-fraises-accessoires","8":"product_cat-units-fraises-rvs","9":"product_cat-matriel-de-pratique","10":"product_tag-fraisen-fr","11":"pa_vorm-bolkopfrais-getand-rvs-009-fr","12":"pa_vorm-bolkopfrais-getand-rvs-010-fr","13":"pa_vorm-bolkopfrais-getand-rvs-012-fr","14":"pa_vorm-bolkopfrais-getand-rvs-014-fr","15":"pa_vorm-bolkopfrais-getand-rvs-016-fr","16":"pa_vorm-bolkopfrais-getand-rvs-018-fr","17":"pa_vorm-bolkopfrais-getand-rvs-021-fr","18":"pa_vorm-bolkopfrais-getand-rvs-023-fr","19":"pa_vorm-bolkopfrais-rvs-005-fr","20":"pa_vorm-bolkopfrais-rvs-009-fr","21":"pa_vorm-bolkopfrais-rvs-012-fr","22":"pa_vorm-bolkopfrais-rvs-014-fr","23":"pa_vorm-bolkopfrais-rvs-016-fr","24":"pa_vorm-bolkopfrais-rvs-018-fr","25":"pa_vorm-bolkopfrais-rvs-021-fr","26":"pa_vorm-bolkopfrais-rvs-023-fr","28":"first","29":"instock","30":"taxable","31":"shipping-taxable","32":"product-type-variable"},"acf":[],"_links":{"self":[{"href":"https:\/\/sundar.be\/fr\/wp-json\/wp\/v2\/product\/39352","targetHints":{"allow":["GET"]}}],"collection":[{"href":"https:\/\/sundar.be\/fr\/wp-json\/wp\/v2\/product"}],"about":[{"href":"https:\/\/sundar.be\/fr\/wp-json\/wp\/v2\/types\/product"}],"replies":[{"embeddable":true,"href":"https:\/\/sundar.be\/fr\/wp-json\/wp\/v2\/comments?post=39352"}],"wp:featuredmedia":[{"embeddable":true,"href":"https:\/\/sundar.be\/fr\/wp-json\/wp\/v2\/media\/39351"}],"wp:attachment":[{"href":"https:\/\/sundar.be\/fr\/wp-json\/wp\/v2\/media?parent=39352"}],"wp:term":[{"taxonomy":"product_brand","embeddable":true,"href":"https:\/\/sundar.be\/fr\/wp-json\/wp\/v2\/product_brand?post=39352"},{"taxonomy":"product_cat","embeddable":true,"href":"https:\/\/sundar.be\/fr\/wp-json\/wp\/v2\/product_cat?post=39352"},{"taxonomy":"product_tag","embeddable":true,"href":"https:\/\/sundar.be\/fr\/wp-json\/wp\/v2\/product_tag?post=39352"}],"curies":[{"name":"wp","href":"https:\/\/api.w.org\/{rel}","templated":true}]}}