{"id":39321,"date":"2024-09-01T07:00:46","date_gmt":"2024-09-01T05:00:46","guid":{"rendered":"https:\/\/sundar.be\/product\/busch-tonfraisen-rvs\/"},"modified":"2025-03-13T13:13:25","modified_gmt":"2025-03-13T12:13:25","slug":"busch-tonfraisen-rvs","status":"publish","type":"product","link":"https:\/\/sundar.be\/fr\/produit\/busch-tonfraisen-rvs\/","title":{"rendered":"Busch Tonfraisen RVS"},"content":{"rendered":"<p align=\"LEFT\">Busch Tonfraisen RVS, adapt\u00e9 au travail sur le mat\u00e9riel orth\u00e9tique, les ongles mycos\u00e9s et les callosit\u00e9s dures.<\/p>\n<p align=\"LEFT\">Disponible en 5 mod\u00e8les, les 3 derniers chiffres de la r\u00e9f\u00e9rence (et du nom du produit) correspondent au diam\u00e8tre du frais en mm.<\/p>\n<p align=\"LEFT\">Gr\u00e2ce \u00e0 l&rsquo;utilisation d&rsquo;un m\u00e9tal dur, la fraise ne rouille pas, m\u00eame apr\u00e8s la st\u00e9rilisation. M\u00eame la d\u00e9sinfection fr\u00e9quentielle, le nettoyage et la st\u00e9rilisation n&rsquo;ont aucun effet sur les fraises polyvalentes en acier inoxydable de Busch. Des produits de qualit\u00e9 qui vous profitent, \u00e0 vous et \u00e0 vos clients, pendant longtemps.  <\/p>\n","protected":false},"excerpt":{"rendered":"<p>Busch Tonfraisen RVS<\/p>\n","protected":false},"featured_media":39320,"comment_status":"open","ping_status":"closed","template":"","meta":{"_acf_changed":false},"product_brand":[],"product_cat":[1626,3923,4765],"product_tag":[3472],"class_list":{"0":"post-39321","1":"product","2":"type-product","3":"status-publish","4":"has-post-thumbnail","6":"product_cat-appareils-et-accessoires","7":"product_cat-units-fraises-rvs","8":"product_cat-matriel-de-pratique","9":"product_tag-fraisen-fr","10":"pa_vorm-cilinderfrais-rvs-040-fr","11":"pa_vorm-cilinderfrais-rvs-050-fr","12":"pa_vorm-tonfrais-rvs-040-fr","13":"pa_vorm-tonfrais-rvs-050-fr","14":"pa_vorm-tonfrais-rvs-060-fr","15":"pa_vorm-tonfrais-rvs-070-fr","16":"pa_vorm-tonfrais-rvs-fijn-050-fr","18":"first","19":"instock","20":"taxable","21":"shipping-taxable","22":"product-type-variable"},"acf":[],"_links":{"self":[{"href":"https:\/\/sundar.be\/fr\/wp-json\/wp\/v2\/product\/39321","targetHints":{"allow":["GET"]}}],"collection":[{"href":"https:\/\/sundar.be\/fr\/wp-json\/wp\/v2\/product"}],"about":[{"href":"https:\/\/sundar.be\/fr\/wp-json\/wp\/v2\/types\/product"}],"replies":[{"embeddable":true,"href":"https:\/\/sundar.be\/fr\/wp-json\/wp\/v2\/comments?post=39321"}],"wp:featuredmedia":[{"embeddable":true,"href":"https:\/\/sundar.be\/fr\/wp-json\/wp\/v2\/media\/39320"}],"wp:attachment":[{"href":"https:\/\/sundar.be\/fr\/wp-json\/wp\/v2\/media?parent=39321"}],"wp:term":[{"taxonomy":"product_brand","embeddable":true,"href":"https:\/\/sundar.be\/fr\/wp-json\/wp\/v2\/product_brand?post=39321"},{"taxonomy":"product_cat","embeddable":true,"href":"https:\/\/sundar.be\/fr\/wp-json\/wp\/v2\/product_cat?post=39321"},{"taxonomy":"product_tag","embeddable":true,"href":"https:\/\/sundar.be\/fr\/wp-json\/wp\/v2\/product_tag?post=39321"}],"curies":[{"name":"wp","href":"https:\/\/api.w.org\/{rel}","templated":true}]}}