{"id":39290,"date":"2024-09-01T07:00:23","date_gmt":"2024-09-21T19:46:41","guid":{"rendered":"https:\/\/sundar.be\/product\/busch-peerfraisen-rvs\/"},"modified":"2025-03-13T13:42:25","modified_gmt":"2025-03-13T12:42:25","slug":"busch-peerfraisen-rvs","status":"publish","type":"product","link":"https:\/\/sundar.be\/fr\/produit\/busch-peerfraisen-rvs\/","title":{"rendered":"Busch Peerfraisen RVS"},"content":{"rendered":"<p align=\"LEFT\">Busch Peerfraisen RVS, adapt\u00e9 au travail sur les orth\u00e8ses, les ongles mycos\u00e9s et les callosit\u00e9s dures.<\/p>\n<p align=\"LEFT\">Disponible en 5 mod\u00e8les, les 3 derniers chiffres de la r\u00e9f\u00e9rence (et du nom du produit) correspondent au diam\u00e8tre du frais en mm.<\/p>\n<p align=\"LEFT\">Gr\u00e2ce \u00e0 l&rsquo;utilisation d&rsquo;un m\u00e9tal dur, la fraise ne rouille pas, m\u00eame apr\u00e8s la st\u00e9rilisation. M\u00eame la d\u00e9sinfection fr\u00e9quentielle, le nettoyage et la st\u00e9rilisation n&rsquo;ont aucun effet sur les fraises polyvalentes en acier inoxydable de Busch. Des produits de qualit\u00e9 qui vous profitent, \u00e0 vous et \u00e0 vos clients, pendant longtemps.  <\/p>\n","protected":false},"excerpt":{"rendered":"<p>Busch Peerfraisen RVS<\/p>\n","protected":false},"featured_media":39289,"comment_status":"open","ping_status":"closed","template":"","meta":{"_acf_changed":false},"product_brand":[],"product_cat":[1626,4059,3923,4765],"product_tag":[3472],"class_list":{"0":"post-39290","1":"product","2":"type-product","3":"status-publish","4":"has-post-thumbnail","6":"product_cat-appareils-et-accessoires","7":"product_cat-units-fraises-accessoires","8":"product_cat-units-fraises-rvs","9":"product_cat-matriel-de-pratique","10":"product_tag-fraisen-fr","11":"pa_vorm-rvs-fijn-050-fr","12":"pa_vorm-rvs-fijn-060-fr","13":"pa_vorm-rvs-fijn-070-fr","14":"pa_vorm-rvs-grof-040-fr","15":"pa_vorm-rvs-grof-050-fr","16":"pa_vorm-rvs-grof-060-fr","18":"first","19":"instock","20":"taxable","21":"shipping-taxable","22":"product-type-variable"},"acf":[],"_links":{"self":[{"href":"https:\/\/sundar.be\/fr\/wp-json\/wp\/v2\/product\/39290","targetHints":{"allow":["GET"]}}],"collection":[{"href":"https:\/\/sundar.be\/fr\/wp-json\/wp\/v2\/product"}],"about":[{"href":"https:\/\/sundar.be\/fr\/wp-json\/wp\/v2\/types\/product"}],"replies":[{"embeddable":true,"href":"https:\/\/sundar.be\/fr\/wp-json\/wp\/v2\/comments?post=39290"}],"wp:featuredmedia":[{"embeddable":true,"href":"https:\/\/sundar.be\/fr\/wp-json\/wp\/v2\/media\/39289"}],"wp:attachment":[{"href":"https:\/\/sundar.be\/fr\/wp-json\/wp\/v2\/media?parent=39290"}],"wp:term":[{"taxonomy":"product_brand","embeddable":true,"href":"https:\/\/sundar.be\/fr\/wp-json\/wp\/v2\/product_brand?post=39290"},{"taxonomy":"product_cat","embeddable":true,"href":"https:\/\/sundar.be\/fr\/wp-json\/wp\/v2\/product_cat?post=39290"},{"taxonomy":"product_tag","embeddable":true,"href":"https:\/\/sundar.be\/fr\/wp-json\/wp\/v2\/product_tag?post=39290"}],"curies":[{"name":"wp","href":"https:\/\/api.w.org\/{rel}","templated":true}]}}