{"id":39268,"date":"2024-09-01T07:00:01","date_gmt":"2024-09-21T19:38:18","guid":{"rendered":"https:\/\/sundar.be\/product\/busch-cilinderfrais-rvs-040\/"},"modified":"2025-03-13T17:41:40","modified_gmt":"2025-03-13T16:41:40","slug":"busch-cilinderfrais-rvs-040","status":"publish","type":"product","link":"https:\/\/sundar.be\/fr\/produit\/busch-cilinderfrais-rvs-040\/","title":{"rendered":"Busch Cilinderfrais RVS 040"},"content":{"rendered":"<p>La forme est ovale, droite avec des entailles transversales. Le diam\u00e8tre de la balle diamant\u00e9e \u00e0 la partie la plus large est de 4,0 mm. Les fraises sont utilis\u00e9es pour l&rsquo;\u00e9limination de la k\u00e9ratinisation et des callosit\u00e9s dans le rouleau lat\u00e9ral et pour la restructuration de la peau ult\u00e9rieure.  <\/p>\n<ul>\n<li>Vitesse recommand\u00e9e : 20 000 rpm<\/li>\n<li>Sens de rotation : droite<\/li>\n<\/ul>\n","protected":false},"excerpt":{"rendered":"<p>La forme est ovale, droite avec des entailles transversales. Le diam\u00e8tre de la balle diamant\u00e9e \u00e0 la partie la plus large est de 4,0 mm. Les fraises sont utilis\u00e9es pour l&rsquo;\u00e9limination de la k\u00e9ratinisation et des callosit\u00e9s dans le rouleau lat\u00e9ral et pour la restructuration de la peau ult\u00e9rieure. Vitesse recommand\u00e9e : 20 000 rpm [&hellip;]<\/p>\n","protected":false},"featured_media":39266,"comment_status":"open","ping_status":"closed","template":"","meta":{"_acf_changed":false},"product_brand":[],"product_cat":[1626,4059,3923,4765],"product_tag":[3472],"class_list":{"0":"post-39268","1":"product","2":"type-product","3":"status-publish","4":"has-post-thumbnail","6":"product_cat-appareils-et-accessoires","7":"product_cat-units-fraises-accessoires","8":"product_cat-units-fraises-rvs","9":"product_cat-matriel-de-pratique","10":"product_tag-fraisen-fr","12":"first","13":"instock","14":"taxable","15":"shipping-taxable","16":"product-type-simple"},"acf":[],"_links":{"self":[{"href":"https:\/\/sundar.be\/fr\/wp-json\/wp\/v2\/product\/39268","targetHints":{"allow":["GET"]}}],"collection":[{"href":"https:\/\/sundar.be\/fr\/wp-json\/wp\/v2\/product"}],"about":[{"href":"https:\/\/sundar.be\/fr\/wp-json\/wp\/v2\/types\/product"}],"replies":[{"embeddable":true,"href":"https:\/\/sundar.be\/fr\/wp-json\/wp\/v2\/comments?post=39268"}],"wp:featuredmedia":[{"embeddable":true,"href":"https:\/\/sundar.be\/fr\/wp-json\/wp\/v2\/media\/39266"}],"wp:attachment":[{"href":"https:\/\/sundar.be\/fr\/wp-json\/wp\/v2\/media?parent=39268"}],"wp:term":[{"taxonomy":"product_brand","embeddable":true,"href":"https:\/\/sundar.be\/fr\/wp-json\/wp\/v2\/product_brand?post=39268"},{"taxonomy":"product_cat","embeddable":true,"href":"https:\/\/sundar.be\/fr\/wp-json\/wp\/v2\/product_cat?post=39268"},{"taxonomy":"product_tag","embeddable":true,"href":"https:\/\/sundar.be\/fr\/wp-json\/wp\/v2\/product_tag?post=39268"}],"curies":[{"name":"wp","href":"https:\/\/api.w.org\/{rel}","templated":true}]}}